{"id":94,"date":"2018-06-20T16:50:21","date_gmt":"2018-06-20T14:50:21","guid":{"rendered":"http:\/\/test.lsv-velbert.de\/LSV-Velbert\/?page_id=94"},"modified":"2022-05-10T19:49:14","modified_gmt":"2022-05-10T18:49:14","slug":"motorflugzeuge","status":"publish","type":"page","link":"https:\/\/lsv-velbert.de\/?page_id=94","title":{"rendered":"Motorflugzeug"},"content":{"rendered":"\n<h4 class=\"wp-block-heading\">Unsere Robin DR401 155CDI<\/h4>\n\n\n\n<figure class=\"wp-block-image size-large\"><img loading=\"lazy\" decoding=\"async\" width=\"1024\" height=\"576\" src=\"https:\/\/test.lsv-velbert.de\/wp-content\/uploads\/2022\/04\/DEPEM_Dijon-1024x576.jpg\" alt=\"\" class=\"wp-image-656\" srcset=\"https:\/\/lsv-velbert.de\/wp-content\/uploads\/2022\/04\/DEPEM_Dijon-1024x576.jpg 1024w, https:\/\/lsv-velbert.de\/wp-content\/uploads\/2022\/04\/DEPEM_Dijon-300x169.jpg 300w, https:\/\/lsv-velbert.de\/wp-content\/uploads\/2022\/04\/DEPEM_Dijon-768x432.jpg 768w, https:\/\/lsv-velbert.de\/wp-content\/uploads\/2022\/04\/DEPEM_Dijon-1536x864.jpg 1536w, https:\/\/lsv-velbert.de\/wp-content\/uploads\/2022\/04\/DEPEM_Dijon.jpg 1920w\" sizes=\"(max-width: 1024px) 100vw, 1024px\" \/><\/figure>\n\n\n\n<p>Ostern 2022 haben wir unsere neue DR401 155CDI in Darois bei Robin \u00fcbernommen.<\/p>\n\n\n\n<ul><li>Erh\u00f6hter L\u00e4rmschutz<\/li><li>geringer Spritverbrauch ca. 20 Liter\/h (Diesel, Jetfuel A1)<\/li><li>423kg Zuladung<\/li><li>1300km Reichweite bei 220km\/h Reisegeschwindigkeit<\/li><li>150\u20ac\/h bei 600\u20ac Flugpauschale<\/li><li>Moderne Avionik und Ipad + SkyDemon (Flugvorbereitung, Flugplan, Online-Wetter, Notams, Pl\u00e4tze, Flugnavigation)<\/li><\/ul>\n\n\n\n<p><br><\/p>\n","protected":false},"excerpt":{"rendered":"<p>Unsere Robin DR401 155CDI Ostern 2022 haben wir unsere neue DR401 155CDI in Darois bei Robin \u00fcbernommen. Erh\u00f6hter L\u00e4rmschutz geringer Spritverbrauch ca. 20 Liter\/h (Diesel, Jetfuel A1) 423kg Zuladung 1300km Reichweite bei 220km\/h Reisegeschwindigkeit 150\u20ac\/h bei 600\u20ac Flugpauschale Moderne Avionik und Ipad + SkyDemon (Flugvorbereitung, Flugplan, Online-Wetter, Notams, Pl\u00e4tze, Flugnavigation)<\/p>\n","protected":false},"author":1,"featured_media":0,"parent":0,"menu_order":0,"comment_status":"closed","ping_status":"closed","template":"","meta":{"footnotes":""},"_links":{"self":[{"href":"https:\/\/lsv-velbert.de\/index.php?rest_route=\/wp\/v2\/pages\/94"}],"collection":[{"href":"https:\/\/lsv-velbert.de\/index.php?rest_route=\/wp\/v2\/pages"}],"about":[{"href":"https:\/\/lsv-velbert.de\/index.php?rest_route=\/wp\/v2\/types\/page"}],"author":[{"embeddable":true,"href":"https:\/\/lsv-velbert.de\/index.php?rest_route=\/wp\/v2\/users\/1"}],"replies":[{"embeddable":true,"href":"https:\/\/lsv-velbert.de\/index.php?rest_route=%2Fwp%2Fv2%2Fcomments&post=94"}],"version-history":[{"count":4,"href":"https:\/\/lsv-velbert.de\/index.php?rest_route=\/wp\/v2\/pages\/94\/revisions"}],"predecessor-version":[{"id":663,"href":"https:\/\/lsv-velbert.de\/index.php?rest_route=\/wp\/v2\/pages\/94\/revisions\/663"}],"wp:attachment":[{"href":"https:\/\/lsv-velbert.de\/index.php?rest_route=%2Fwp%2Fv2%2Fmedia&parent=94"}],"curies":[{"name":"wp","href":"https:\/\/api.w.org\/{rel}","templated":true}]}}