{"id":93,"date":"2018-06-20T16:50:21","date_gmt":"2018-06-20T14:50:21","guid":{"rendered":"http:\/\/test.lsv-velbert.de\/LSV-Velbert\/?page_id=93"},"modified":"2023-09-19T19:53:31","modified_gmt":"2023-09-19T18:53:31","slug":"segelflugzeuge","status":"publish","type":"page","link":"https:\/\/lsv-velbert.de\/?page_id=93","title":{"rendered":"Segelflugzeuge"},"content":{"rendered":"\n<h2 class=\"wp-block-heading\">Unsere Flotte f\u00fcr den Segelflug<\/h2>\n\n\n\n<p class=\"has-very-dark-gray-color has-text-color has-medium-font-size\">Hier k\u00f6nnt Ihr Euch einen \u00dcberblick \u00fcber unsere aktuelle Flotte von Segelflugzeugen verschaffen. Die Flugzeuge stehen grunds\u00e4tzlich allen Mitgliedern der Abteilung Segelflug zur Nutzung zur Verf\u00fcgung. W\u00e4hrend unsere ASK 21 haupts\u00e4chlich in der Schulung eingesetzt wird, stehen DG-1000T und Shark<br>f\u00fcr Streckenfl\u00fcge bereit &#8211; alleine oder im Team. Die beiden Flieger f\u00fcr den Streckenflug sind mit LX-9000 Navigationssystemen und Transpondern ausger\u00fcstet. Dar\u00fcber hinaus verf\u00fcgen alle unsere Segelflugzeuge \u00fcber das Kollisionswarnsystem Flarm.<\/p>\n\n\n\n<p class=\"has-very-dark-gray-color has-text-color has-medium-font-size\">Unsere beiden Hochleistungsflugzeuge k\u00f6nnen &#8211; wenn es der Terminkalender zul\u00e4sst &#8211; auch von vereinsfremden Piloten gechartert werden. Mehr Informationenen dazu findet Ihr hier unter <strong>Vercharterung<\/strong>.<\/p>\n\n\n\n<p class=\"has-very-dark-gray-color has-text-color has-medium-font-size\"><strong>Hochleistungseinsitzer HpH 304MS Shark \u201eTE\u201c<\/strong><\/p>\n\n\n\n<figure class=\"wp-block-gallery has-nested-images columns-default is-cropped wp-block-gallery-1 is-layout-flex wp-block-gallery-is-layout-flex\">\n<figure class=\"wp-block-image size-large\"><img loading=\"lazy\" decoding=\"async\" width=\"1024\" height=\"682\" data-id=\"183\" src=\"https:\/\/lsv-velbert.de\/wp-content\/uploads\/2018\/07\/DSC08246-1024x682.jpg\" alt=\"\" class=\"wp-image-183\" srcset=\"https:\/\/lsv-velbert.de\/wp-content\/uploads\/2018\/07\/DSC08246-1024x682.jpg 1024w, https:\/\/lsv-velbert.de\/wp-content\/uploads\/2018\/07\/DSC08246-300x200.jpg 300w, https:\/\/lsv-velbert.de\/wp-content\/uploads\/2018\/07\/DSC08246-768x512.jpg 768w, https:\/\/lsv-velbert.de\/wp-content\/uploads\/2018\/07\/DSC08246-1568x1045.jpg 1568w\" sizes=\"(max-width: 1024px) 100vw, 1024px\" \/><\/figure>\n\n\n\n<figure class=\"wp-block-image size-large\"><img loading=\"lazy\" decoding=\"async\" width=\"1024\" height=\"681\" data-id=\"390\" src=\"https:\/\/lsv-velbert.de\/wp-content\/uploads\/2019\/03\/2018-04-21-14.54.57-1024x681.jpg\" alt=\"\" class=\"wp-image-390\" srcset=\"https:\/\/lsv-velbert.de\/wp-content\/uploads\/2019\/03\/2018-04-21-14.54.57-1024x681.jpg 1024w, https:\/\/lsv-velbert.de\/wp-content\/uploads\/2019\/03\/2018-04-21-14.54.57-300x199.jpg 300w, https:\/\/lsv-velbert.de\/wp-content\/uploads\/2019\/03\/2018-04-21-14.54.57-768x510.jpg 768w, https:\/\/lsv-velbert.de\/wp-content\/uploads\/2019\/03\/2018-04-21-14.54.57-1568x1042.jpg 1568w\" sizes=\"(max-width: 1024px) 100vw, 1024px\" \/><\/figure>\n<\/figure>\n\n\n\n<p class=\"has-very-dark-gray-color has-text-color has-medium-font-size\">Spannweite 18 m<br>L\u00e4nge 6,79 m<br>Gewicht leer\/max. 300 \/ 600 kg<br>Geschwindigkeit min.\/max. 85 \/ 260 km\/h<br>Gleitzahl 51<\/p>\n\n\n\n<p class=\"has-very-dark-gray-color has-text-color has-medium-font-size\">Besonderheiten: W\u00f6lbklappen, Klapptriebwerk mit 53 PS (zum Eigenstart geeignet)<\/p>\n\n\n\n<p class=\"has-very-dark-gray-color has-text-color has-medium-font-size\"><strong>Hochleistungsdoppelsitzer DG-1000T \u201eTX\u201c<\/strong><\/p>\n\n\n\n<figure class=\"wp-block-gallery has-nested-images columns-default is-cropped wp-block-gallery-2 is-layout-flex wp-block-gallery-is-layout-flex\">\n<figure class=\"wp-block-image size-large\"><img loading=\"lazy\" decoding=\"async\" width=\"1024\" height=\"683\" data-id=\"106\" src=\"https:\/\/lsv-velbert.de\/wp-content\/uploads\/2018\/06\/DSC04119-1024x683.jpg\" alt=\"\" class=\"wp-image-106\" srcset=\"https:\/\/lsv-velbert.de\/wp-content\/uploads\/2018\/06\/DSC04119-1024x683.jpg 1024w, https:\/\/lsv-velbert.de\/wp-content\/uploads\/2018\/06\/DSC04119-300x200.jpg 300w, https:\/\/lsv-velbert.de\/wp-content\/uploads\/2018\/06\/DSC04119-768x512.jpg 768w, https:\/\/lsv-velbert.de\/wp-content\/uploads\/2018\/06\/DSC04119-1568x1045.jpg 1568w\" sizes=\"(max-width: 1024px) 100vw, 1024px\" \/><\/figure>\n\n\n\n<figure class=\"wp-block-image size-large\"><img loading=\"lazy\" decoding=\"async\" width=\"1024\" height=\"768\" data-id=\"391\" src=\"https:\/\/lsv-velbert.de\/wp-content\/uploads\/2019\/03\/IMG_1845k-1024x768.jpg\" alt=\"\" class=\"wp-image-391\" srcset=\"https:\/\/lsv-velbert.de\/wp-content\/uploads\/2019\/03\/IMG_1845k-1024x768.jpg 1024w, https:\/\/lsv-velbert.de\/wp-content\/uploads\/2019\/03\/IMG_1845k-300x225.jpg 300w, https:\/\/lsv-velbert.de\/wp-content\/uploads\/2019\/03\/IMG_1845k-768x576.jpg 768w, https:\/\/lsv-velbert.de\/wp-content\/uploads\/2019\/03\/IMG_1845k-1568x1176.jpg 1568w\" sizes=\"(max-width: 1024px) 100vw, 1024px\" \/><\/figure>\n<\/figure>\n\n\n\n<p class=\"has-very-dark-gray-color has-text-color has-medium-font-size\">Spannweite 20 m<br>L\u00e4nge 8,57 m<br>Gewicht leer\/max. 465 \/ 750 kg<br>Geschwindigkeit min.\/max. 88 \/ 270 km\/h<br>Gleitzahl 47<\/p>\n\n\n\n<p class=\"has-very-dark-gray-color has-text-color has-medium-font-size\">Besonderheiten: Klapptriebwerk mit 30 PS (Heimkehrhilfe), elektrisches Fahrwerk<\/p>\n\n\n\n<p class=\"has-very-dark-gray-color has-text-color has-medium-font-size\"><strong>Schulungsdoppelsitzer ASK21 \u201eTA\u201c<\/strong><\/p>\n\n\n\n<figure class=\"wp-block-gallery alignleft has-nested-images columns-default is-cropped wp-block-gallery-3 is-layout-flex wp-block-gallery-is-layout-flex\">\n<figure class=\"wp-block-image size-large\"><img loading=\"lazy\" decoding=\"async\" width=\"1024\" height=\"683\" data-id=\"102\" src=\"https:\/\/lsv-velbert.de\/wp-content\/uploads\/2018\/06\/DSC03822-1024x683.jpg\" alt=\"\" class=\"wp-image-102\" srcset=\"https:\/\/lsv-velbert.de\/wp-content\/uploads\/2018\/06\/DSC03822-1024x683.jpg 1024w, https:\/\/lsv-velbert.de\/wp-content\/uploads\/2018\/06\/DSC03822-300x200.jpg 300w, https:\/\/lsv-velbert.de\/wp-content\/uploads\/2018\/06\/DSC03822-768x512.jpg 768w, https:\/\/lsv-velbert.de\/wp-content\/uploads\/2018\/06\/DSC03822-1568x1045.jpg 1568w\" sizes=\"(max-width: 1024px) 100vw, 1024px\" \/><\/figure>\n<\/figure>\n\n\n\n<p class=\"has-very-dark-gray-color has-text-color has-medium-font-size\">Spannweite 17 m<br>L\u00e4nge 8,35 m<br>Gewicht leer\/max. 360 \/ 600 kg<br>Geschwindigkeit min.\/max. 65 \/ 280 km\/h<br>Gleitzahl 34<\/p>\n\n\n\n<p class=\"has-very-dark-gray-color has-text-color has-medium-font-size\">Besonderheiten: Voll Kunstflugtauglich<\/p>\n\n\n\n<p class=\"has-very-dark-gray-color has-text-color has-medium-font-size\"><strong>Leistungseinsitzer LS4b \u201eTL\u201c<\/strong><\/p>\n\n\n<div class=\"wp-block-image\">\n<figure class=\"alignleft size-large\"><img loading=\"lazy\" decoding=\"async\" width=\"620\" height=\"465\" src=\"https:\/\/test.lsv-velbert.de\/wp-content\/uploads\/2020\/08\/Ls4_02.jpg\" alt=\"\" class=\"wp-image-642\" srcset=\"https:\/\/lsv-velbert.de\/wp-content\/uploads\/2020\/08\/Ls4_02.jpg 620w, https:\/\/lsv-velbert.de\/wp-content\/uploads\/2020\/08\/Ls4_02-300x225.jpg 300w\" sizes=\"(max-width: 620px) 100vw, 620px\" \/><\/figure><\/div>\n\n\n<p class=\"has-very-dark-gray-color has-text-color has-medium-font-size\">Spannweite 15 m<br>L\u00e4nge 6,66 m<br>Gewicht leer\/max. 245 \/ 525 kg<br>Geschwindigkeit min.\/max. 68 \/ 280 km\/h<br>Gleitzahl 40,5<\/p>\n\n\n\n<p><\/p>\n","protected":false},"excerpt":{"rendered":"<p>Unsere Flotte f\u00fcr den Segelflug Hier k\u00f6nnt Ihr Euch einen \u00dcberblick \u00fcber unsere aktuelle Flotte von Segelflugzeugen verschaffen. Die Flugzeuge stehen grunds\u00e4tzlich allen Mitgliedern der Abteilung Segelflug zur Nutzung zur Verf\u00fcgung. W\u00e4hrend unsere ASK 21 haupts\u00e4chlich in der Schulung eingesetzt wird, stehen DG-1000T und Sharkf\u00fcr Streckenfl\u00fcge bereit &#8211; alleine oder im Team. Die beiden Flieger&hellip; <br \/> <a class=\"read-more\" href=\"https:\/\/lsv-velbert.de\/?page_id=93\">Weiterlesen<\/a><\/p>\n","protected":false},"author":1,"featured_media":0,"parent":0,"menu_order":0,"comment_status":"closed","ping_status":"closed","template":"","meta":{"footnotes":""},"_links":{"self":[{"href":"https:\/\/lsv-velbert.de\/index.php?rest_route=\/wp\/v2\/pages\/93"}],"collection":[{"href":"https:\/\/lsv-velbert.de\/index.php?rest_route=\/wp\/v2\/pages"}],"about":[{"href":"https:\/\/lsv-velbert.de\/index.php?rest_route=\/wp\/v2\/types\/page"}],"author":[{"embeddable":true,"href":"https:\/\/lsv-velbert.de\/index.php?rest_route=\/wp\/v2\/users\/1"}],"replies":[{"embeddable":true,"href":"https:\/\/lsv-velbert.de\/index.php?rest_route=%2Fwp%2Fv2%2Fcomments&post=93"}],"version-history":[{"count":2,"href":"https:\/\/lsv-velbert.de\/index.php?rest_route=\/wp\/v2\/pages\/93\/revisions"}],"predecessor-version":[{"id":692,"href":"https:\/\/lsv-velbert.de\/index.php?rest_route=\/wp\/v2\/pages\/93\/revisions\/692"}],"wp:attachment":[{"href":"https:\/\/lsv-velbert.de\/index.php?rest_route=%2Fwp%2Fv2%2Fmedia&parent=93"}],"curies":[{"name":"wp","href":"https:\/\/api.w.org\/{rel}","templated":true}]}}