{"id":74,"date":"2018-06-19T23:50:53","date_gmt":"2018-06-19T21:50:53","guid":{"rendered":"http:\/\/test.lsv-velbert.de\/LSV-Velbert\/?page_id=74"},"modified":"2018-06-19T23:50:53","modified_gmt":"2018-06-19T21:50:53","slug":"ausbildungsablauf","status":"publish","type":"page","link":"https:\/\/lsv-velbert.de\/?page_id=74","title":{"rendered":"Ausbildungsablauf"},"content":{"rendered":"\n<p><strong>Die Ausbildung zur Segelfluglizenz gliedert sich in mehrere Abschnitte und umfasst praktische und theoretische Anteile. Sie wird von unseren Fluglehrern ehrenamtlich durchgef\u00fchrt. Im ersten praktischen Schulungsabschnitt lernst Du Starten, Landen, Kurvenfliegen und den Umgang mit Notsituationen. Nach etwa 60 Fl\u00fcgen mit Fluglehrer hast du die n\u00f6tigen F\u00e4higkeiten, um zu deinem ersten Alleinflug zu starten &#8211; eine unvergessliches Erlebnis!<\/strong><\/p>\n\n\n\n<p><strong>Mit den ersten 3 Alleinfl\u00fcgen hast du die sog. A-Pr\u00fcfung in der Tasche.  Damit ist die praktische Ausbildung nat\u00fcrlich noch nicht abgeschlossen.  Du baust dein K\u00f6nnen z.B. mit Ziellandungen oder Steilkurven weiter aus  und zeigst es in der praktischen B- und C-Pr\u00fcfung. Vor allem lernst du  das Fliegen in der Thermik und wie du die Kr\u00e4fte der Natur f\u00fcr dich  nutzen kannst, um m\u00f6glichst lange in der Luft zu bleiben.  <\/strong><\/p>\n\n\n\n<p><strong>Im Winter werden intern oder zusammen mit Jugendlichen anderer Vereine die unverzichtbaren theoretischen Grundlagen vermittelt. Der Unterricht umfasst die folgenden F\u00e4cher: <\/strong><\/p>\n\n\n\n<ul><li><strong>Luftrecht<\/strong><\/li><li><strong>menschliches Leistungsverm\u00f6gen<\/strong><\/li><li><strong>Meteorologie<\/strong><\/li><li><strong>Kommunikation<\/strong><\/li><li><strong>Grundlagen des Fliegens (Aerodynamik)<\/strong><\/li><li><strong>Betriebliche Verfahren<\/strong><\/li><li><strong>Flugleistung und Flugplanung<\/strong><\/li><li><strong>Allgemeine Luftfahrzeugkunde (Technik) und<\/strong><\/li><li><strong>Navigation <\/strong><\/li><\/ul>\n\n\n\n<p><strong>Damit bist du fit genug, die Pr\u00fcfung f\u00fcr die Segelflugpilotenlizenz abzulegen. Zuerst steht die theoretische Pr\u00fcfung bei der Bezirksregierung in D\u00fcsseldorf an, die in den obengenannten F\u00e4chern im Multiplechoiceverfahren am Computer absolviert wird.<\/strong><\/p>\n\n\n\n<p><strong>Um die Zulassung f\u00fcr die praktische Pr\u00fcfung zu bekommen, ist nach bestandener Theorie noch ein mindestens 50 km langer \u00dcberlandflug notwendig. Zuletzt fehlen dir dann nur noch 3 Fl\u00fcge mit einem Pr\u00fcfer, bei denen du zeigst, dass Du ein Segelfluzeug sicher beherrschst.<\/strong><\/p>\n","protected":false},"excerpt":{"rendered":"<p>Die Ausbildung zur Segelfluglizenz gliedert sich in mehrere Abschnitte und umfasst praktische und theoretische Anteile. Sie wird von unseren Fluglehrern ehrenamtlich durchgef\u00fchrt. Im ersten praktischen Schulungsabschnitt lernst Du Starten, Landen, Kurvenfliegen und den Umgang mit Notsituationen. Nach etwa 60 Fl\u00fcgen mit Fluglehrer hast du die n\u00f6tigen F\u00e4higkeiten, um zu deinem ersten Alleinflug zu starten &#8211;&hellip; <br \/> <a class=\"read-more\" href=\"https:\/\/lsv-velbert.de\/?page_id=74\">Weiterlesen<\/a><\/p>\n","protected":false},"author":1,"featured_media":0,"parent":0,"menu_order":0,"comment_status":"closed","ping_status":"closed","template":"","meta":{"footnotes":""},"_links":{"self":[{"href":"https:\/\/lsv-velbert.de\/index.php?rest_route=\/wp\/v2\/pages\/74"}],"collection":[{"href":"https:\/\/lsv-velbert.de\/index.php?rest_route=\/wp\/v2\/pages"}],"about":[{"href":"https:\/\/lsv-velbert.de\/index.php?rest_route=\/wp\/v2\/types\/page"}],"author":[{"embeddable":true,"href":"https:\/\/lsv-velbert.de\/index.php?rest_route=\/wp\/v2\/users\/1"}],"replies":[{"embeddable":true,"href":"https:\/\/lsv-velbert.de\/index.php?rest_route=%2Fwp%2Fv2%2Fcomments&post=74"}],"version-history":[{"count":0,"href":"https:\/\/lsv-velbert.de\/index.php?rest_route=\/wp\/v2\/pages\/74\/revisions"}],"wp:attachment":[{"href":"https:\/\/lsv-velbert.de\/index.php?rest_route=%2Fwp%2Fv2%2Fmedia&parent=74"}],"curies":[{"name":"wp","href":"https:\/\/api.w.org\/{rel}","templated":true}]}}