{"id":70,"date":"2018-06-19T23:50:53","date_gmt":"2018-06-19T21:50:53","guid":{"rendered":"http:\/\/test.lsv-velbert.de\/LSV-Velbert\/?page_id=70"},"modified":"2018-06-19T23:50:53","modified_gmt":"2018-06-19T21:50:53","slug":"voraussetungen","status":"publish","type":"page","link":"https:\/\/lsv-velbert.de\/?page_id=70","title":{"rendered":"Voraussetungen"},"content":{"rendered":"\n<h2 class=\"wp-block-heading\"> Spa\u00df am Fliegen und ein bisschen Zeit! <\/h2>\n\n\n<p><strong>Aber im Ernst: Grunds\u00e4tzlich kann ab einem Alter von 14 Jahren mit der Ausbildung begonnen werden. Je nachdem wie viel Zeit ihr investieren wollt und wie das Wetter mitspielt, wird die Ausbildung etwa 2 &#8211; 3 Jahre dauern. Geflogen wird w\u00e4hrend der Sommersaison an Wochenenden und Feiertagen. Hinzu kommen Ferienlager an anderen Flugpl\u00e4tzen.<\/strong><\/p>\n\n\n<p><strong>Im Winter &#8211; wenn das Wetter meist keinen Flugbetrieb zul\u00e4sst &#8211; k\u00fcmmern wir uns um den technischen Zustand unserer Flugzeuge. Meist organisieren wir diese Arbeit in gr\u00f6\u00dferen Aktionen an Wochenenden. F\u00fcr Essen und Getr\u00e4nke ist dabei auch gesorgt. Die Fluglehrer unseres Vereins vermitteln euch in der Winterzeit auch das notwendige theoretische Wissen. <\/strong><\/p>\n\n\n\n<p><strong> Es wird nur ein Mindestma\u00df an k\u00f6rperlicher Fitness verlangt, die sp\u00e4testens vor dem ersten Alleinflug bei einem Fliegerarzt nachgewiesen werden muss (flieger\u00e4rtzliches Tauglichkeitszeugnis). <\/strong><\/p>\n","protected":false},"excerpt":{"rendered":"<p>Spa\u00df am Fliegen und ein bisschen Zeit! Aber im Ernst: Grunds\u00e4tzlich kann ab einem Alter von 14 Jahren mit der Ausbildung begonnen werden. Je nachdem wie viel Zeit ihr investieren wollt und wie das Wetter mitspielt, wird die Ausbildung etwa 2 &#8211; 3 Jahre dauern. Geflogen wird w\u00e4hrend der Sommersaison an Wochenenden und Feiertagen. Hinzu&hellip; <br \/> <a class=\"read-more\" href=\"https:\/\/lsv-velbert.de\/?page_id=70\">Weiterlesen<\/a><\/p>\n","protected":false},"author":1,"featured_media":0,"parent":0,"menu_order":0,"comment_status":"closed","ping_status":"closed","template":"","meta":{"footnotes":""},"_links":{"self":[{"href":"https:\/\/lsv-velbert.de\/index.php?rest_route=\/wp\/v2\/pages\/70"}],"collection":[{"href":"https:\/\/lsv-velbert.de\/index.php?rest_route=\/wp\/v2\/pages"}],"about":[{"href":"https:\/\/lsv-velbert.de\/index.php?rest_route=\/wp\/v2\/types\/page"}],"author":[{"embeddable":true,"href":"https:\/\/lsv-velbert.de\/index.php?rest_route=\/wp\/v2\/users\/1"}],"replies":[{"embeddable":true,"href":"https:\/\/lsv-velbert.de\/index.php?rest_route=%2Fwp%2Fv2%2Fcomments&post=70"}],"version-history":[{"count":0,"href":"https:\/\/lsv-velbert.de\/index.php?rest_route=\/wp\/v2\/pages\/70\/revisions"}],"wp:attachment":[{"href":"https:\/\/lsv-velbert.de\/index.php?rest_route=%2Fwp%2Fv2%2Fmedia&parent=70"}],"curies":[{"name":"wp","href":"https:\/\/api.w.org\/{rel}","templated":true}]}}