{"id":58,"date":"2018-06-19T23:36:25","date_gmt":"2018-06-19T21:36:25","guid":{"rendered":"http:\/\/test.lsv-velbert.de\/LSV-Velbert\/?page_id=58"},"modified":"2019-10-27T19:55:19","modified_gmt":"2019-10-27T18:55:19","slug":"modellflug","status":"publish","type":"page","link":"https:\/\/lsv-velbert.de\/?page_id=58","title":{"rendered":"Modellflug"},"content":{"rendered":"<h2>Herzlich Willkommen bei der Modellfluggruppe des LSV Velbert<\/h2>\n<p>Ein kleine Gruppe die offen f\u00fcr Gleichgesinnte ist.<\/p>\n<p>Vom einfachen Wurfgleiter bis zum hochkomplexen Motorflugmodell &#8211; die Vielfalt im Modellbau ist riesengro\u00df. Bei uns k\u00f6nnen Interessierte die Grundlagen des Modellbaus lernen oder fortgeschrittene Modellbauer unter Gleichgesinnten Erfahrungen austauschen. Durch die zum Verein geh\u00f6renden Geb\u00e4ude sind wir in der Lage unseren Mitgliedern einen Bastelkeller anzubieten, in dem gemeinschaftlich gebastelt oder &#8222;gefachsimpelt&#8220; werden kann.<\/p>\n<h3>Modellflugplatz<\/h3>\n<h2><\/h2>\n<table>\n<tbody>\n<tr>\n<td width=\"455px\">Nachdem wir eine geraume Zeit ohne eigenem Modellflugplatz auskommen mussten sind wir aktuell wieder in der Lage unseren Mitgliedern einen eigenen Flugplatz zu bieten. Gelegen zwischen Mettmann und W\u00fclfrath ist der Modellflugplatz Frauenhof nicht mehr ganz so nah wie gewohnt, daf\u00fcr ist die Lage frei von B\u00e4umen oder Hecken. Die erteilte Aufstiegserlaubnis f\u00fcr das Gel\u00e4nde l\u00e4sst nun auch keinen Wunsch mehr offen. Wenn wir ihr Interesse geweckt haben und sie sich von den M\u00f6glichkeiten in unserem Verein ein Bild machen wollen, setzen sie sich mit <a href=\"mailto:modellflug@lsv-velbert.de\">uns<\/a> in Verbindung.<\/td>\n<td width=\"230px\"><img loading=\"lazy\" decoding=\"async\" class=\"alignnone wp-image-576 size-medium\" src=\"https:\/\/test.lsv-velbert.de\/wp-content\/uploads\/2019\/04\/L5-300x169.jpg\" alt=\"\" width=\"300\" height=\"169\" srcset=\"https:\/\/lsv-velbert.de\/wp-content\/uploads\/2019\/04\/L5-300x169.jpg 300w, https:\/\/lsv-velbert.de\/wp-content\/uploads\/2019\/04\/L5-768x432.jpg 768w, https:\/\/lsv-velbert.de\/wp-content\/uploads\/2019\/04\/L5-1024x576.jpg 1024w, https:\/\/lsv-velbert.de\/wp-content\/uploads\/2019\/04\/L5.jpg 1280w\" sizes=\"(max-width: 300px) 100vw, 300px\" \/><\/td>\n<\/tr>\n<\/tbody>\n<\/table>\n<h3><\/h3>\n","protected":false},"excerpt":{"rendered":"<p>Herzlich Willkommen bei der Modellfluggruppe des LSV Velbert Ein kleine Gruppe die offen f\u00fcr Gleichgesinnte ist. Vom einfachen Wurfgleiter bis zum hochkomplexen Motorflugmodell &#8211; die Vielfalt im Modellbau ist riesengro\u00df. Bei uns k\u00f6nnen Interessierte die Grundlagen des Modellbaus lernen oder fortgeschrittene Modellbauer unter Gleichgesinnten Erfahrungen austauschen. Durch die zum Verein geh\u00f6renden Geb\u00e4ude sind wir in&hellip; <br \/> <a class=\"read-more\" href=\"https:\/\/lsv-velbert.de\/?page_id=58\">Weiterlesen<\/a><\/p>\n","protected":false},"author":1,"featured_media":0,"parent":0,"menu_order":0,"comment_status":"closed","ping_status":"closed","template":"","meta":{"footnotes":""},"_links":{"self":[{"href":"https:\/\/lsv-velbert.de\/index.php?rest_route=\/wp\/v2\/pages\/58"}],"collection":[{"href":"https:\/\/lsv-velbert.de\/index.php?rest_route=\/wp\/v2\/pages"}],"about":[{"href":"https:\/\/lsv-velbert.de\/index.php?rest_route=\/wp\/v2\/types\/page"}],"author":[{"embeddable":true,"href":"https:\/\/lsv-velbert.de\/index.php?rest_route=\/wp\/v2\/users\/1"}],"replies":[{"embeddable":true,"href":"https:\/\/lsv-velbert.de\/index.php?rest_route=%2Fwp%2Fv2%2Fcomments&post=58"}],"version-history":[{"count":1,"href":"https:\/\/lsv-velbert.de\/index.php?rest_route=\/wp\/v2\/pages\/58\/revisions"}],"predecessor-version":[{"id":633,"href":"https:\/\/lsv-velbert.de\/index.php?rest_route=\/wp\/v2\/pages\/58\/revisions\/633"}],"wp:attachment":[{"href":"https:\/\/lsv-velbert.de\/index.php?rest_route=%2Fwp%2Fv2%2Fmedia&parent=58"}],"curies":[{"name":"wp","href":"https:\/\/api.w.org\/{rel}","templated":true}]}}