{"id":56,"date":"2018-06-19T23:36:25","date_gmt":"2018-06-19T21:36:25","guid":{"rendered":"http:\/\/test.lsv-velbert.de\/LSV-Velbert\/?page_id=56"},"modified":"2023-09-19T19:48:34","modified_gmt":"2023-09-19T18:48:34","slug":"ausbildung","status":"publish","type":"page","link":"https:\/\/lsv-velbert.de\/?page_id=56","title":{"rendered":"Ausbildung"},"content":{"rendered":"\n<h2 class=\"wp-block-heading\">Ausbildung zum Segelflugzeugf\u00fchrer <\/h2>\n\n\n\n<p class=\"has-very-dark-gray-color has-text-color has-medium-font-size\">Sie interessieren sich f\u00fcr die Ausbildung zum Segelflugzeugf\u00fchrer (LAPL-S oder SPL) ? Dann sind Sie hier richtig.<br>Auf den folgenden Seiten haben wir alle n\u00f6tigen Informationen zur Ausbildung zusammengefasst. Darunter finden Sie Informationen zu Voraussetzungen, Anmeldung, Kosten und dem Ausbildungsablauf.<\/p>\n\n\n\n<p><\/p>\n","protected":false},"excerpt":{"rendered":"<p>Ausbildung zum Segelflugzeugf\u00fchrer Sie interessieren sich f\u00fcr die Ausbildung zum Segelflugzeugf\u00fchrer (LAPL-S oder SPL) ? Dann sind Sie hier richtig.Auf den folgenden Seiten haben wir alle n\u00f6tigen Informationen zur Ausbildung zusammengefasst. Darunter finden Sie Informationen zu Voraussetzungen, Anmeldung, Kosten und dem Ausbildungsablauf.<\/p>\n","protected":false},"author":1,"featured_media":0,"parent":0,"menu_order":0,"comment_status":"closed","ping_status":"closed","template":"","meta":{"footnotes":""},"_links":{"self":[{"href":"https:\/\/lsv-velbert.de\/index.php?rest_route=\/wp\/v2\/pages\/56"}],"collection":[{"href":"https:\/\/lsv-velbert.de\/index.php?rest_route=\/wp\/v2\/pages"}],"about":[{"href":"https:\/\/lsv-velbert.de\/index.php?rest_route=\/wp\/v2\/types\/page"}],"author":[{"embeddable":true,"href":"https:\/\/lsv-velbert.de\/index.php?rest_route=\/wp\/v2\/users\/1"}],"replies":[{"embeddable":true,"href":"https:\/\/lsv-velbert.de\/index.php?rest_route=%2Fwp%2Fv2%2Fcomments&post=56"}],"version-history":[{"count":5,"href":"https:\/\/lsv-velbert.de\/index.php?rest_route=\/wp\/v2\/pages\/56\/revisions"}],"predecessor-version":[{"id":689,"href":"https:\/\/lsv-velbert.de\/index.php?rest_route=\/wp\/v2\/pages\/56\/revisions\/689"}],"wp:attachment":[{"href":"https:\/\/lsv-velbert.de\/index.php?rest_route=%2Fwp%2Fv2%2Fmedia&parent=56"}],"curies":[{"name":"wp","href":"https:\/\/api.w.org\/{rel}","templated":true}]}}