{"id":54,"date":"2018-06-19T23:36:25","date_gmt":"2018-06-19T21:36:25","guid":{"rendered":"http:\/\/test.lsv-velbert.de\/LSV-Velbert\/?page_id=54"},"modified":"2018-06-19T23:36:25","modified_gmt":"2018-06-19T21:36:25","slug":"der-verein","status":"publish","type":"page","link":"https:\/\/lsv-velbert.de\/?page_id=54","title":{"rendered":"Der Verein"},"content":{"rendered":"\n<p> Die Gr\u00fcndung unseres Vereins in Velbert liegt nun mehr als 60 Jahre zur\u00fcck, zuerst wurde die Abteilung Segelflug gegr\u00fcndet. Segelflug wird von unserem Verein in Dorsten am n\u00f6rdlichen Rand der Ruhrgebiets betrieben, die Motorflieger sind am Flughafen Essen-M\u00fclheim beheimatet und die Modellflieger sind seit \u00fcber 40 Jahren aktiv. Alle Abteilungen zusammen haben ein Fliegerheim in Velbert an der Birkenstrasse\u00a041. Hier treffen wir uns und bauen auch in einer Werkstatt Modelle. In einer anderen Halle werden auch die Segelflugzeuge gewartet. <\/p>\n","protected":false},"excerpt":{"rendered":"<p>Die Gr\u00fcndung unseres Vereins in Velbert liegt nun mehr als 60 Jahre zur\u00fcck, zuerst wurde die Abteilung Segelflug gegr\u00fcndet. Segelflug wird von unserem Verein in Dorsten am n\u00f6rdlichen Rand der Ruhrgebiets betrieben, die Motorflieger sind am Flughafen Essen-M\u00fclheim beheimatet und die Modellflieger sind seit \u00fcber 40 Jahren aktiv. Alle Abteilungen zusammen haben ein Fliegerheim in&hellip; <br \/> <a class=\"read-more\" href=\"https:\/\/lsv-velbert.de\/?page_id=54\">Weiterlesen<\/a><\/p>\n","protected":false},"author":1,"featured_media":0,"parent":0,"menu_order":0,"comment_status":"closed","ping_status":"closed","template":"","meta":{"footnotes":""},"_links":{"self":[{"href":"https:\/\/lsv-velbert.de\/index.php?rest_route=\/wp\/v2\/pages\/54"}],"collection":[{"href":"https:\/\/lsv-velbert.de\/index.php?rest_route=\/wp\/v2\/pages"}],"about":[{"href":"https:\/\/lsv-velbert.de\/index.php?rest_route=\/wp\/v2\/types\/page"}],"author":[{"embeddable":true,"href":"https:\/\/lsv-velbert.de\/index.php?rest_route=\/wp\/v2\/users\/1"}],"replies":[{"embeddable":true,"href":"https:\/\/lsv-velbert.de\/index.php?rest_route=%2Fwp%2Fv2%2Fcomments&post=54"}],"version-history":[{"count":0,"href":"https:\/\/lsv-velbert.de\/index.php?rest_route=\/wp\/v2\/pages\/54\/revisions"}],"wp:attachment":[{"href":"https:\/\/lsv-velbert.de\/index.php?rest_route=%2Fwp%2Fv2%2Fmedia&parent=54"}],"curies":[{"name":"wp","href":"https:\/\/api.w.org\/{rel}","templated":true}]}}