{"id":34,"date":"2017-12-13T20:39:10","date_gmt":"2017-12-13T19:39:10","guid":{"rendered":"http:\/\/test.lsv-velbert.de\/LSV-Velbert\/?page_id=34"},"modified":"2026-02-18T10:20:08","modified_gmt":"2026-02-18T09:20:08","slug":"impressum","status":"publish","type":"page","link":"https:\/\/lsv-velbert.de\/?page_id=34","title":{"rendered":"Impressum"},"content":{"rendered":"<table>\n<tbody>\n<tr>\n<td>\n<table border=\"0\" cellspacing=\"4\" cellpadding=\"4\">\n<tbody>\n<tr>\n<td valign=\"top\">\n<h1>Impressum<\/h1>\n<\/td>\n<td align=\"left\" valign=\"top\"><\/td>\n<td><\/td>\n<\/tr>\n<tr>\n<td valign=\"top\"><strong>Vereinsanschrift:<\/strong><\/td>\n<td align=\"left\" valign=\"top\">Luftsportverein Velbert e.V.<br \/>\nBirkenstr. 41<br \/>\n42549 Velbert<\/td>\n<td><\/td>\n<\/tr>\n<tr>\n<td valign=\"top\"><strong>Postanschrift:<\/strong><\/td>\n<td align=\"left\" valign=\"top\">Luftsportverein Velbert e.V.<br \/>\nPostfach 100 744<br \/>\n42507 Velbert<\/td>\n<td><\/td>\n<\/tr>\n<tr>\n<td><strong>Telefon:<\/strong><\/td>\n<td align=\"left\" valign=\"top\">02051 \/ 254252<\/td>\n<td><\/td>\n<\/tr>\n<tr>\n<td><strong>Telefax:<\/strong><\/td>\n<td align=\"left\" valign=\"top\">02051 \/ 252547<\/td>\n<td><\/td>\n<\/tr>\n<tr>\n<td><strong>Email:<\/strong><\/td>\n<td align=\"left\" valign=\"top\">info (at) lsv-velbert.de<\/td>\n<td><\/td>\n<\/tr>\n<tr>\n<td><strong>Umsatzsteueridentnummer:<\/strong><\/td>\n<td align=\"left\" valign=\"top\">DE 812718409<\/td>\n<td><\/td>\n<\/tr>\n<tr>\n<td><strong>Vereinsregisternummer:<\/strong><\/td>\n<td align=\"left\" valign=\"top\">VR-Nr. 15352 Wuppertal<\/td>\n<td><\/td>\n<\/tr>\n<tr>\n<td><strong>1.Vorsitzender:<\/strong><\/td>\n<td align=\"left\" valign=\"top\">Andreas Gro\u00dfheimann<\/td>\n<td><\/td>\n<\/tr>\n<tr>\n<td><strong>Gesch\u00e4ftsf\u00fchrer:<\/strong><\/td>\n<td align=\"left\" valign=\"top\">Michael B\u00e4umer<\/td>\n<td><\/td>\n<\/tr>\n<tr>\n<td><strong>Verantwortlich nach \u00a77 TMG:<\/strong><\/td>\n<td align=\"left\" valign=\"top\">1. Vorsitzender<\/td>\n<td><\/td>\n<\/tr>\n<tr>\n<td><strong>Quellennachweis:<\/strong><\/td>\n<td align=\"left\" valign=\"top\">Privat<\/td>\n<td><\/td>\n<\/tr>\n<tr>\n<td><\/td>\n<\/tr>\n<\/tbody>\n<\/table>\n<\/td>\n<\/tr>\n<\/tbody>\n<\/table>\n<h1>Haftungsausschluss<\/h1>\n<h2>Haftung f\u00fcr Inhalte<\/h2>\n<p>Als Diensteanbieter sind wir gem\u00e4\u00df \u00a7 7 Abs.1 TMG f\u00fcr eigene Inhalte auf diesen Seiten nach den allgemeinen Gesetzen verantwortlich. Nach \u00a7\u00a7 8 bis 10 TMG sind wir als Diensteanbieter jedoch nicht verpflichtet, \u00fcbermittelte oder gespeicherte fremde Informationen zu \u00fcberwachen oder nach Umst\u00e4nden zu forschen, die auf eine rechtswidrige T\u00e4tigkeit hinweisen.<\/p>\n<p>Verpflichtungen zur Entfernung oder Sperrung der Nutzung von Informationen nach den allgemeinen Gesetzen bleiben hiervon unber\u00fchrt. Eine diesbez\u00fcgliche Haftung ist jedoch erst ab dem Zeitpunkt der Kenntnis einer konkreten Rechtsverletzung m\u00f6glich. Bei Bekanntwerden von entsprechenden Rechtsverletzungen werden wir diese Inhalte umgehend entfernen.<\/p>\n<h2>Haftung f\u00fcr Links<\/h2>\n<p>Unser Angebot enth\u00e4lt Links zu externen Websites Dritter, auf deren Inhalte wir keinen Einfluss haben. Deshalb k\u00f6nnen wir f\u00fcr diese fremden Inhalte auch keine Gew\u00e4hr \u00fcbernehmen. F\u00fcr die Inhalte der verlinkten Seiten ist stets der jeweilige Anbieter oder Betreiber der Seiten verantwortlich. Die verlinkten Seiten wurden zum Zeitpunkt der Verlinkung auf m\u00f6gliche Rechtsverst\u00f6\u00dfe \u00fcberpr\u00fcft. Rechtswidrige Inhalte waren zum Zeitpunkt der Verlinkung nicht erkennbar.<\/p>\n<p>Eine permanente inhaltliche Kontrolle der verlinkten Seiten ist jedoch ohne konkrete Anhaltspunkte einer Rechtsverletzung nicht zumutbar. Bei Bekanntwerden von Rechtsverletzungen werden wir derartige Links umgehend entfernen.<\/p>\n<h2>Urheberrecht<\/h2>\n<p>Die durch die Seitenbetreiber erstellten Inhalte und Werke auf diesen Seiten unterliegen dem deutschen Urheberrecht. Die Vervielf\u00e4ltigung, Bearbeitung, Verbreitung und jede Art der Verwertung au\u00dferhalb der Grenzen des Urheberrechtes bed\u00fcrfen der schriftlichen Zustimmung des jeweiligen Autors bzw. Erstellers. Downloads und Kopien dieser Seite sind nur f\u00fcr den privaten, nicht kommerziellen Gebrauch gestattet.<\/p>\n<p>Soweit die Inhalte auf dieser Seite nicht vom Betreiber erstellt wurden, werden die Urheberrechte Dritter beachtet. Insbesondere werden Inhalte Dritter als solche gekennzeichnet. Sollten Sie trotzdem auf eine Urheberrechtsverletzung aufmerksam werden, bitten wir um einen entsprechenden Hinweis. Bei Bekanntwerden von Rechtsverletzungen werden wir derartige Inhalte umgehend entfernen.<\/p>\n<p><i>Quelle:\u00a0<a href=\"https:\/\/www.e-recht24.de\/\">https:\/\/www.e-recht24.de<\/a><\/i><\/p>\n","protected":false},"excerpt":{"rendered":"<p>Impressum Vereinsanschrift: Luftsportverein Velbert e.V. Birkenstr. 41 42549 Velbert Postanschrift: Luftsportverein Velbert e.V. Postfach 100 744 42507 Velbert Telefon: 02051 \/ 254252 Telefax: 02051 \/ 252547 Email: info (at) lsv-velbert.de Umsatzsteueridentnummer: DE 812718409 Vereinsregisternummer: VR-Nr. 15352 Wuppertal 1.Vorsitzender: Andreas Gro\u00dfheimann Gesch\u00e4ftsf\u00fchrer: Michael B\u00e4umer Verantwortlich nach \u00a77 TMG: 1. Vorsitzender Quellennachweis: Privat Haftungsausschluss Haftung f\u00fcr Inhalte&hellip; <br \/> <a class=\"read-more\" href=\"https:\/\/lsv-velbert.de\/?page_id=34\">Weiterlesen<\/a><\/p>\n","protected":false},"author":3,"featured_media":0,"parent":0,"menu_order":0,"comment_status":"closed","ping_status":"closed","template":"","meta":{"footnotes":""},"_links":{"self":[{"href":"https:\/\/lsv-velbert.de\/index.php?rest_route=\/wp\/v2\/pages\/34"}],"collection":[{"href":"https:\/\/lsv-velbert.de\/index.php?rest_route=\/wp\/v2\/pages"}],"about":[{"href":"https:\/\/lsv-velbert.de\/index.php?rest_route=\/wp\/v2\/types\/page"}],"author":[{"embeddable":true,"href":"https:\/\/lsv-velbert.de\/index.php?rest_route=\/wp\/v2\/users\/3"}],"replies":[{"embeddable":true,"href":"https:\/\/lsv-velbert.de\/index.php?rest_route=%2Fwp%2Fv2%2Fcomments&post=34"}],"version-history":[{"count":4,"href":"https:\/\/lsv-velbert.de\/index.php?rest_route=\/wp\/v2\/pages\/34\/revisions"}],"predecessor-version":[{"id":722,"href":"https:\/\/lsv-velbert.de\/index.php?rest_route=\/wp\/v2\/pages\/34\/revisions\/722"}],"wp:attachment":[{"href":"https:\/\/lsv-velbert.de\/index.php?rest_route=%2Fwp%2Fv2%2Fmedia&parent=34"}],"curies":[{"name":"wp","href":"https:\/\/api.w.org\/{rel}","templated":true}]}}