{"id":330,"date":"2019-03-02T20:30:40","date_gmt":"2019-03-02T20:30:40","guid":{"rendered":"https:\/\/testneu.lsv-velbert.de\/?page_id=330"},"modified":"2023-09-19T20:09:34","modified_gmt":"2023-09-19T19:09:34","slug":"fliegerheim","status":"publish","type":"page","link":"https:\/\/lsv-velbert.de\/?page_id=330","title":{"rendered":"Fliegerheim"},"content":{"rendered":"\n<figure class=\"wp-block-gallery has-nested-images columns-default is-cropped wp-block-gallery-1 is-layout-flex wp-block-gallery-is-layout-flex\">\n<figure class=\"wp-block-image size-large\"><img loading=\"lazy\" decoding=\"async\" width=\"450\" height=\"318\" data-id=\"332\" src=\"https:\/\/lsv-velbert.de\/wp-content\/uploads\/2019\/03\/vereinsheimoben2.jpg\" alt=\"\" class=\"wp-image-332\" srcset=\"https:\/\/lsv-velbert.de\/wp-content\/uploads\/2019\/03\/vereinsheimoben2.jpg 450w, https:\/\/lsv-velbert.de\/wp-content\/uploads\/2019\/03\/vereinsheimoben2-300x212.jpg 300w\" sizes=\"(max-width: 450px) 100vw, 450px\" \/><figcaption class=\"wp-element-caption\"><strong>&#8230; aus der Luft<\/strong><\/figcaption><\/figure>\n\n\n\n<figure class=\"wp-block-image size-large\"><img loading=\"lazy\" decoding=\"async\" width=\"1024\" height=\"757\" data-id=\"651\" src=\"https:\/\/lsv-velbert.de\/wp-content\/uploads\/2022\/01\/20210805_192259.jpg\" alt=\"\" class=\"wp-image-651\" srcset=\"https:\/\/lsv-velbert.de\/wp-content\/uploads\/2022\/01\/20210805_192259.jpg 1024w, https:\/\/lsv-velbert.de\/wp-content\/uploads\/2022\/01\/20210805_192259-300x222.jpg 300w, https:\/\/lsv-velbert.de\/wp-content\/uploads\/2022\/01\/20210805_192259-768x568.jpg 768w\" sizes=\"(max-width: 1024px) 100vw, 1024px\" \/><figcaption class=\"wp-element-caption\">der Clubraum<\/figcaption><\/figure>\n<\/figure>\n\n\n\n<p class=\"has-medium-font-size\">Unser Treffpunkt f\u00fcr Gleichgesinnte in Velbert.<\/p>\n\n\n\n<p>Hier finden die drei Abteilungen des LSV Velbert zusammen. B\u00fcros, Versammlungsr\u00e4ume, Werkstatt, Hallen und der Modellbaukeller stehen hier den Mitgliedern zur Verf\u00fcgung. Immer wieder Dienstags und Freitags treffen wir uns hier ab 20:00 Uhr.<\/p>\n\n\n\n<p>\u00dcbrigens: Unser Vereinsheim kann f\u00fcr Feiern und andere Veranstaltungen angemietet werden &#8211; unabh\u00e4ngig von einer Vereinsmitgliedschaft.<\/p>\n\n\n\n<figure class=\"wp-block-gallery has-nested-images columns-default is-cropped wp-block-gallery-2 is-layout-flex wp-block-gallery-is-layout-flex\">\n<figure class=\"wp-block-image size-large\"><img loading=\"lazy\" decoding=\"async\" width=\"240\" height=\"180\" data-id=\"340\" src=\"https:\/\/lsv-velbert.de\/wp-content\/uploads\/2019\/03\/dscf0171.jpg\" alt=\"\" class=\"wp-image-340\"\/><figcaption class=\"wp-element-caption\"><strong>Eingangsbereich<\/strong><\/figcaption><\/figure>\n\n\n\n<figure class=\"wp-block-image size-large\"><img loading=\"lazy\" decoding=\"async\" width=\"240\" height=\"180\" data-id=\"341\" src=\"https:\/\/lsv-velbert.de\/wp-content\/uploads\/2019\/03\/dscf0172.jpg\" alt=\"\" class=\"wp-image-341\"\/><figcaption class=\"wp-element-caption\"><strong>K\u00fcche<\/strong><\/figcaption><\/figure>\n\n\n\n<figure class=\"wp-block-image size-large\"><img loading=\"lazy\" decoding=\"async\" width=\"1024\" height=\"768\" data-id=\"652\" src=\"https:\/\/lsv-velbert.de\/wp-content\/uploads\/2022\/01\/20220122_143134.jpg\" alt=\"\" class=\"wp-image-652\" srcset=\"https:\/\/lsv-velbert.de\/wp-content\/uploads\/2022\/01\/20220122_143134.jpg 1024w, https:\/\/lsv-velbert.de\/wp-content\/uploads\/2022\/01\/20220122_143134-300x225.jpg 300w, https:\/\/lsv-velbert.de\/wp-content\/uploads\/2022\/01\/20220122_143134-768x576.jpg 768w\" sizes=\"(max-width: 1024px) 100vw, 1024px\" \/><figcaption class=\"wp-element-caption\">Sanit\u00e4rbereich<\/figcaption><\/figure>\n<\/figure>\n\n\n\n<p><\/p>\n","protected":false},"excerpt":{"rendered":"<p>Unser Treffpunkt f\u00fcr Gleichgesinnte in Velbert. Hier finden die drei Abteilungen des LSV Velbert zusammen. B\u00fcros, Versammlungsr\u00e4ume, Werkstatt, Hallen und der Modellbaukeller stehen hier den Mitgliedern zur Verf\u00fcgung. Immer wieder Dienstags und Freitags treffen wir uns hier ab 20:00 Uhr. \u00dcbrigens: Unser Vereinsheim kann f\u00fcr Feiern und andere Veranstaltungen angemietet werden &#8211; unabh\u00e4ngig von einer&hellip; <br \/> <a class=\"read-more\" href=\"https:\/\/lsv-velbert.de\/?page_id=330\">Weiterlesen<\/a><\/p>\n","protected":false},"author":4,"featured_media":0,"parent":54,"menu_order":1,"comment_status":"closed","ping_status":"closed","template":"","meta":{"footnotes":""},"_links":{"self":[{"href":"https:\/\/lsv-velbert.de\/index.php?rest_route=\/wp\/v2\/pages\/330"}],"collection":[{"href":"https:\/\/lsv-velbert.de\/index.php?rest_route=\/wp\/v2\/pages"}],"about":[{"href":"https:\/\/lsv-velbert.de\/index.php?rest_route=\/wp\/v2\/types\/page"}],"author":[{"embeddable":true,"href":"https:\/\/lsv-velbert.de\/index.php?rest_route=\/wp\/v2\/users\/4"}],"replies":[{"embeddable":true,"href":"https:\/\/lsv-velbert.de\/index.php?rest_route=%2Fwp%2Fv2%2Fcomments&post=330"}],"version-history":[{"count":17,"href":"https:\/\/lsv-velbert.de\/index.php?rest_route=\/wp\/v2\/pages\/330\/revisions"}],"predecessor-version":[{"id":712,"href":"https:\/\/lsv-velbert.de\/index.php?rest_route=\/wp\/v2\/pages\/330\/revisions\/712"}],"up":[{"embeddable":true,"href":"https:\/\/lsv-velbert.de\/index.php?rest_route=\/wp\/v2\/pages\/54"}],"wp:attachment":[{"href":"https:\/\/lsv-velbert.de\/index.php?rest_route=%2Fwp%2Fv2%2Fmedia&parent=330"}],"curies":[{"name":"wp","href":"https:\/\/api.w.org\/{rel}","templated":true}]}}