{"id":27,"date":"2017-12-13T20:08:26","date_gmt":"2017-12-13T19:08:26","guid":{"rendered":"http:\/\/test.lsv-velbert.de\/LSV-Velbert\/?page_id=27"},"modified":"2017-12-13T20:08:26","modified_gmt":"2017-12-13T19:08:26","slug":"motorflug","status":"publish","type":"page","link":"https:\/\/lsv-velbert.de\/?page_id=27","title":{"rendered":"Motorflug"},"content":{"rendered":"\n<p><b>Herzlich Willkommen beim Motorflug des Luftsportvereins Velbert!<\/b><\/p>\n\n\n\n<p>Wir sind eine sympathische Gruppe von Motorfliegern in Velbert. <\/p>\n\n\n\n<div style=\"height:34px\" aria-hidden=\"true\" class=\"wp-block-spacer\"><\/div>\n\n\n\n<p><b>Unser Flugplatz<\/b>                                                                                                             <\/p>\n\n\n\n<p>Unser Flugplatz in Essen-M\u00fclheim (EDLE) liegt sehr zentral im Ruhrgebiet, ideal f\u00fcr sch\u00f6ne Ausfl\u00fcge und gut zu erreichen. Wir freuen uns daher immer \u00fcber neue Mitglieder, die Fliegen wollen oder eine Ausbildung beginnen m\u00f6chten.<\/p>\n\n\n\n<div style=\"height:44px\" aria-hidden=\"true\" class=\"wp-block-spacer\"><\/div>\n\n\n\n<p><strong>Unser Flugzeug<\/strong><br><\/p>\n\n\n\n<p>Ein Motorflugzeug Robin DR 400<\/p>\n\n\n\n<div style=\"height:27px\" aria-hidden=\"true\" class=\"wp-block-spacer\"><\/div>\n\n\n\n<p><strong>Interessierten Piloten k\u00f6nnen wir zusammengefasst folgendes bieten:<\/strong><\/p>\n\n\n\n<ul><li>ein wundersch\u00f6n zu fliegendes Flugzeug mit sehr guter Sicht<\/li><li>eine kosteng\u00fcnstige Ausbildung zur Pilotenlizenz nach EASA-Lizenz PPL(A) nach FCL.205.A durch professionelle Fluglehrer, die ehrenamtlich ausbilden<\/li><li>gute Verf\u00fcgbarkeit des Flugzeuges auch an Wochenenden<\/li><li>die M\u00f6glichkeit, das Flugzeug auch f\u00fcr eine l\u00e4ngere Tour zu buchen<\/li><li>ein Reservierungssystem per Internet<\/li><\/ul>\n\n\n\n<p><br><\/p>\n","protected":false},"excerpt":{"rendered":"<p>Herzlich Willkommen beim Motorflug des Luftsportvereins Velbert! Wir sind eine sympathische Gruppe von Motorfliegern in Velbert. Unser Flugplatz Unser Flugplatz in Essen-M\u00fclheim (EDLE) liegt sehr zentral im Ruhrgebiet, ideal f\u00fcr sch\u00f6ne Ausfl\u00fcge und gut zu erreichen. Wir freuen uns daher immer \u00fcber neue Mitglieder, die Fliegen wollen oder eine Ausbildung beginnen m\u00f6chten. Unser Flugzeug Ein&hellip; <br \/> <a class=\"read-more\" href=\"https:\/\/lsv-velbert.de\/?page_id=27\">Weiterlesen<\/a><\/p>\n","protected":false},"author":1,"featured_media":0,"parent":0,"menu_order":0,"comment_status":"closed","ping_status":"closed","template":"","meta":{"footnotes":""},"_links":{"self":[{"href":"https:\/\/lsv-velbert.de\/index.php?rest_route=\/wp\/v2\/pages\/27"}],"collection":[{"href":"https:\/\/lsv-velbert.de\/index.php?rest_route=\/wp\/v2\/pages"}],"about":[{"href":"https:\/\/lsv-velbert.de\/index.php?rest_route=\/wp\/v2\/types\/page"}],"author":[{"embeddable":true,"href":"https:\/\/lsv-velbert.de\/index.php?rest_route=\/wp\/v2\/users\/1"}],"replies":[{"embeddable":true,"href":"https:\/\/lsv-velbert.de\/index.php?rest_route=%2Fwp%2Fv2%2Fcomments&post=27"}],"version-history":[{"count":0,"href":"https:\/\/lsv-velbert.de\/index.php?rest_route=\/wp\/v2\/pages\/27\/revisions"}],"wp:attachment":[{"href":"https:\/\/lsv-velbert.de\/index.php?rest_route=%2Fwp%2Fv2%2Fmedia&parent=27"}],"curies":[{"name":"wp","href":"https:\/\/api.w.org\/{rel}","templated":true}]}}