{"id":200,"date":"2018-12-08T18:22:12","date_gmt":"2018-12-08T17:22:12","guid":{"rendered":"http:\/\/test.lsv-velbert.de\/LSV-Velbert\/?page_id=200"},"modified":"2018-12-08T18:22:12","modified_gmt":"2018-12-08T17:22:12","slug":"vercharterung","status":"publish","type":"page","link":"https:\/\/lsv-velbert.de\/?page_id=200","title":{"rendered":"Vercharterung"},"content":{"rendered":"\n<h2 class=\"wp-block-heading\">Mit dem Segelflugzeug in den Urlaub ?!<\/h2>\n\n\n\n<p class=\"has-text-color has-medium-font-size has-very-dark-gray-color\">Ihr habt Interesse ein eigenstartf\u00e4higes Segelflugzeug der 18-m-Klasse oder einen leistungsf\u00e4higen Doppelsitzer mit Heimkehrhilfe zu fliegen? Wir machen es auch f\u00fcr vereinsfremde Piloten m\u00f6glich.<\/p>\n\n\n\n<p class=\"has-text-color has-medium-font-size has-very-dark-gray-color\">Voraussetzungen sind eine angemessene Flugerfahrung und ein freier Platz im Terminkalender, denn nat\u00fcrlich gehen die Terminw\u00fcnsche der Vereinsmitglieder vor.<\/p>\n\n\n\n<p class=\"has-text-color has-medium-font-size has-very-dark-gray-color\">Konditionen:<\/p>\n\n\n\n<p class=\"has-text-color has-medium-font-size has-very-dark-gray-color\">1200\u20ac pro Woche, inkl. Steuern und Versicherung<\/p>\n\n\n\n<p class=\"has-text-color has-medium-font-size has-very-dark-gray-color\">Selbstbeteiligung 3000 \u20ac<\/p>\n\n\n\n<p class=\"has-text-color has-medium-font-size has-very-dark-gray-color\">Keine Garantie der Flugzeugbereitstellung bzw. keine Entsch\u00e4digung, wenn ein Flugzeug aus technischen Gr\u00fcnden nicht einsatzbereit ist (Unfall, TM)<\/p>\n\n\n\n<p class=\"has-text-color has-medium-font-size has-very-dark-gray-color\">Haben wir dein Interesse geweckt? Dann schreibe deine Terminvorstellungen und einen kurzen fliegerischen &#8222;Lebenslauf&#8220; an info(at)lsv-velbert.de .<\/p>\n","protected":false},"excerpt":{"rendered":"<p>Mit dem Segelflugzeug in den Urlaub ?! Ihr habt Interesse ein eigenstartf\u00e4higes Segelflugzeug der 18-m-Klasse oder einen leistungsf\u00e4higen Doppelsitzer mit Heimkehrhilfe zu fliegen? Wir machen es auch f\u00fcr vereinsfremde Piloten m\u00f6glich. Voraussetzungen sind eine angemessene Flugerfahrung und ein freier Platz im Terminkalender, denn nat\u00fcrlich gehen die Terminw\u00fcnsche der Vereinsmitglieder vor. Konditionen: 1200\u20ac pro Woche, inkl.&hellip; <br \/> <a class=\"read-more\" href=\"https:\/\/lsv-velbert.de\/?page_id=200\">Weiterlesen<\/a><\/p>\n","protected":false},"author":2,"featured_media":0,"parent":57,"menu_order":0,"comment_status":"closed","ping_status":"closed","template":"","meta":{"footnotes":""},"_links":{"self":[{"href":"https:\/\/lsv-velbert.de\/index.php?rest_route=\/wp\/v2\/pages\/200"}],"collection":[{"href":"https:\/\/lsv-velbert.de\/index.php?rest_route=\/wp\/v2\/pages"}],"about":[{"href":"https:\/\/lsv-velbert.de\/index.php?rest_route=\/wp\/v2\/types\/page"}],"author":[{"embeddable":true,"href":"https:\/\/lsv-velbert.de\/index.php?rest_route=\/wp\/v2\/users\/2"}],"replies":[{"embeddable":true,"href":"https:\/\/lsv-velbert.de\/index.php?rest_route=%2Fwp%2Fv2%2Fcomments&post=200"}],"version-history":[{"count":0,"href":"https:\/\/lsv-velbert.de\/index.php?rest_route=\/wp\/v2\/pages\/200\/revisions"}],"up":[{"embeddable":true,"href":"https:\/\/lsv-velbert.de\/index.php?rest_route=\/wp\/v2\/pages\/57"}],"wp:attachment":[{"href":"https:\/\/lsv-velbert.de\/index.php?rest_route=%2Fwp%2Fv2%2Fmedia&parent=200"}],"curies":[{"name":"wp","href":"https:\/\/api.w.org\/{rel}","templated":true}]}}