{"id":177,"date":"2018-06-27T22:31:20","date_gmt":"2018-06-27T20:31:20","guid":{"rendered":"http:\/\/test.lsv-velbert.de\/LSV-Velbert\/?page_id=177"},"modified":"2018-06-27T22:31:20","modified_gmt":"2018-06-27T20:31:20","slug":"flughafen","status":"publish","type":"page","link":"https:\/\/lsv-velbert.de\/?page_id=177","title":{"rendered":"Flugplatz Essen-M\u00fclheim"},"content":{"rendered":"\n<iframe loading=\"lazy\" src=\"https:\/\/www.google.com\/maps\/embed?pb=!1m14!1m12!1m3!1d9028.584589693877!2d6.940045326772352!3d51.403462304597376!2m3!1f0!2f0!3f0!3m2!1i1024!2i768!4f13.1!5e1!3m2!1sde!2sde!4v1555001753957!5m2!1sde!2sde\" width=\"600\" height=\"450\" frameborder=\"0\" style=\"border:0\" allowfullscreen><\/iframe>\n\n\n\n<p><\/p>\n\n\n\n<p>Unser Platz liegt im Herzen des Ruhrgebiets. Das Ruhrgebiet zu \u00fcberfliegen bietet ein aussergew\u00f6hnliches Erlebnis von Industriekultur und Natur. Der Platz selber ist ganzj\u00e4hrig offen. So k\u00f6nnen wir immer fliegen und auch ganzj\u00e4hrig ausbilden. <\/p>\n\n\n\n<p>Die sehr zentrale Lage des Platzes ist f\u00fcr viele Piloten im Ruhrgebiet ein echtes Plus.<\/p>\n\n\n\n<p>Unsere Maschinen sind hangariert und stehen in vorderster Reihe. Daher haben wir kaum Rangieraufwand. Die Mogastankstelle ist direkt an der Halle und nahezu immer frei. <\/p>\n\n\n\n<p>Viele sch\u00e4tzen auch die professionelle Betreuung durch die netten T\u00fcrmer. Hier f\u00fchlen sich Flugsch\u00fcler wie Lizenzpiloten sehr wohl. <\/p>\n\n\n\n<p><b>Besuchen Sie uns und vereinbaren einfach einen Schnupperflug! <\/b><\/p>\n\n\n\n<p><\/p>\n\n\n\n<p><\/p>\n\n\n\n<p><\/p>\n","protected":false},"excerpt":{"rendered":"<p>Unser Platz liegt im Herzen des Ruhrgebiets. Das Ruhrgebiet zu \u00fcberfliegen bietet ein aussergew\u00f6hnliches Erlebnis von Industriekultur und Natur. Der Platz selber ist ganzj\u00e4hrig offen. So k\u00f6nnen wir immer fliegen und auch ganzj\u00e4hrig ausbilden. Die sehr zentrale Lage des Platzes ist f\u00fcr viele Piloten im Ruhrgebiet ein echtes Plus. Unsere Maschinen sind hangariert und stehen&hellip; <br \/> <a class=\"read-more\" href=\"https:\/\/lsv-velbert.de\/?page_id=177\">Weiterlesen<\/a><\/p>\n","protected":false},"author":1,"featured_media":0,"parent":0,"menu_order":0,"comment_status":"closed","ping_status":"closed","template":"","meta":{"footnotes":""},"_links":{"self":[{"href":"https:\/\/lsv-velbert.de\/index.php?rest_route=\/wp\/v2\/pages\/177"}],"collection":[{"href":"https:\/\/lsv-velbert.de\/index.php?rest_route=\/wp\/v2\/pages"}],"about":[{"href":"https:\/\/lsv-velbert.de\/index.php?rest_route=\/wp\/v2\/types\/page"}],"author":[{"embeddable":true,"href":"https:\/\/lsv-velbert.de\/index.php?rest_route=\/wp\/v2\/users\/1"}],"replies":[{"embeddable":true,"href":"https:\/\/lsv-velbert.de\/index.php?rest_route=%2Fwp%2Fv2%2Fcomments&post=177"}],"version-history":[{"count":0,"href":"https:\/\/lsv-velbert.de\/index.php?rest_route=\/wp\/v2\/pages\/177\/revisions"}],"wp:attachment":[{"href":"https:\/\/lsv-velbert.de\/index.php?rest_route=%2Fwp%2Fv2%2Fmedia&parent=177"}],"curies":[{"name":"wp","href":"https:\/\/api.w.org\/{rel}","templated":true}]}}