{"id":176,"date":"2018-06-27T22:31:20","date_gmt":"2018-06-27T20:31:20","guid":{"rendered":"http:\/\/test.lsv-velbert.de\/LSV-Velbert\/?page_id=176"},"modified":"2018-06-27T22:31:20","modified_gmt":"2018-06-27T20:31:20","slug":"segelfluggelaende","status":"publish","type":"page","link":"https:\/\/lsv-velbert.de\/?page_id=176","title":{"rendered":"Segelfluggel\u00e4nde"},"content":{"rendered":"\n<h2 class=\"wp-block-heading\">Dorsten &#8211; die Basis unserer Segelflieger<\/h2>\n\n\n\n<p class=\"has-text-color has-medium-font-size has-very-dark-gray-color\">Unsere Basis ist das Segelfluggel\u00e4nde Dorsten am Nordrand des Ruhrgebiets. Nicht gerade ein Vorort von Velbert, aber unseren \u201eSportplatz\u201c &#8211; den Luftraum &#8211; k\u00f6nnen wir hier besser und mit gr\u00f6\u00dferer Freiheit nutzen. In ausreichender Entfernung zum Flughafen D\u00fcsseldorf, k\u00f6nnen wir in nahezu alle Richtungen fliegen und \u00fcber dem Platz auf bis zu 1900 m steigen. Den Flugplatz nutzen wir gemeinsam mit dem Luftsportverein Dorsten &#8211; unserem Gastgeber &#8211; und dem Verein f\u00fcr Segelflug Essen &#8211; den Steeler Spatzen.<\/p>\n\n\n\n<ul class=\"wp-block-gallery columns-2 is-cropped wp-block-gallery-1 is-layout-flex wp-block-gallery-is-layout-flex\"><li class=\"blocks-gallery-item\"><figure><img loading=\"lazy\" decoding=\"async\" width=\"1024\" height=\"683\" src=\"https:\/\/test.lsv-velbert.de\/wp-content\/uploads\/2019\/03\/DSC04176-1024x683.jpg\" alt=\"\" data-id=\"372\" data-link=\"https:\/\/testneu.lsv-velbert.de\/flugplatz\/dsc04176\/\" class=\"wp-image-372\" srcset=\"https:\/\/lsv-velbert.de\/wp-content\/uploads\/2019\/03\/DSC04176-1024x683.jpg 1024w, https:\/\/lsv-velbert.de\/wp-content\/uploads\/2019\/03\/DSC04176-300x200.jpg 300w, https:\/\/lsv-velbert.de\/wp-content\/uploads\/2019\/03\/DSC04176-768x512.jpg 768w, https:\/\/lsv-velbert.de\/wp-content\/uploads\/2019\/03\/DSC04176-1568x1045.jpg 1568w\" sizes=\"(max-width: 1024px) 100vw, 1024px\" \/><\/figure><\/li><li class=\"blocks-gallery-item\"><figure><img loading=\"lazy\" decoding=\"async\" width=\"1024\" height=\"768\" src=\"https:\/\/test.lsv-velbert.de\/wp-content\/uploads\/2019\/03\/IMG_0913-1024x768.jpg\" alt=\"\" data-id=\"374\" data-link=\"https:\/\/testneu.lsv-velbert.de\/flugplatz\/img_0913\/\" class=\"wp-image-374\" srcset=\"https:\/\/lsv-velbert.de\/wp-content\/uploads\/2019\/03\/IMG_0913-1024x768.jpg 1024w, https:\/\/lsv-velbert.de\/wp-content\/uploads\/2019\/03\/IMG_0913-300x225.jpg 300w, https:\/\/lsv-velbert.de\/wp-content\/uploads\/2019\/03\/IMG_0913-768x576.jpg 768w, https:\/\/lsv-velbert.de\/wp-content\/uploads\/2019\/03\/IMG_0913-1568x1176.jpg 1568w\" sizes=\"(max-width: 1024px) 100vw, 1024px\" \/><\/figure><\/li><\/ul>\n\n\n\n<p class=\"has-text-color has-medium-font-size has-very-dark-gray-color\">Der Flugplatz liegt knapp \u00f6stlich der Dorstener Innenstadt am Wesel-Datteln-Kanal (10 Minuten zu Fu\u00df vom Bahnhof). Vom Luftsportverein Dorsten betrieben, bietet er alles was einen Flugplatz auch abseits des Fliegens attraktiv macht: Gastronomie, Grillplatz, Swimmingpool und Campingplatz mit modernem Sanit\u00e4rbereich.<\/p>\n\n\n\n<p class=\"has-text-color has-medium-font-size has-very-dark-gray-color\">Genutzt werden kann der Flugplatz von Segelflugzeugen, Motorseglern, Luftsportger\u00e4ten (vor allem Ultraleichtflugzeuge), Hubschraubern, Motorflugzeugen (sofern sie zum Schleppen von Segelflugzeugen eingesetzt werden) und Modellflugzeugen. Die Segelflugzeuge starten in Dorsten in der Regel mit Startwinden.<\/p>\n\n\n\n<p class=\"has-text-color has-medium-font-size has-very-dark-gray-color\">Grundlegende Informationen zum Segelfluggel\u00e4nde:<\/p>\n\n\n\n<p class=\"has-text-color has-medium-font-size has-very-dark-gray-color\">Betriebsrichtungen 09\/27<\/p>\n\n\n\n<p class=\"has-text-color has-medium-font-size has-very-dark-gray-color\">Segelflugschleppstrecke 800 m (je nach Flugzeugtyp ausreichend f\u00fcr 300 &#8211; 400 m Flugh\u00f6he)<\/p>\n\n\n\n<p class=\"has-text-color has-medium-font-size has-very-dark-gray-color\">Segelflugbahn (Nordbahn) 600 m x 30 m<\/p>\n\n\n\n<p class=\"has-text-color has-medium-font-size has-very-dark-gray-color\">Motorflugbahn (S\u00fcdbahn) 525 m bzw. 590 m x 30 m<\/p>\n","protected":false},"excerpt":{"rendered":"<p>Dorsten &#8211; die Basis unserer Segelflieger Unsere Basis ist das Segelfluggel\u00e4nde Dorsten am Nordrand des Ruhrgebiets. Nicht gerade ein Vorort von Velbert, aber unseren \u201eSportplatz\u201c &#8211; den Luftraum &#8211; k\u00f6nnen wir hier besser und mit gr\u00f6\u00dferer Freiheit nutzen. In ausreichender Entfernung zum Flughafen D\u00fcsseldorf, k\u00f6nnen wir in nahezu alle Richtungen fliegen und \u00fcber dem Platz&hellip; <br \/> <a class=\"read-more\" href=\"https:\/\/lsv-velbert.de\/?page_id=176\">Weiterlesen<\/a><\/p>\n","protected":false},"author":1,"featured_media":0,"parent":0,"menu_order":0,"comment_status":"closed","ping_status":"closed","template":"","meta":{"footnotes":""},"_links":{"self":[{"href":"https:\/\/lsv-velbert.de\/index.php?rest_route=\/wp\/v2\/pages\/176"}],"collection":[{"href":"https:\/\/lsv-velbert.de\/index.php?rest_route=\/wp\/v2\/pages"}],"about":[{"href":"https:\/\/lsv-velbert.de\/index.php?rest_route=\/wp\/v2\/types\/page"}],"author":[{"embeddable":true,"href":"https:\/\/lsv-velbert.de\/index.php?rest_route=\/wp\/v2\/users\/1"}],"replies":[{"embeddable":true,"href":"https:\/\/lsv-velbert.de\/index.php?rest_route=%2Fwp%2Fv2%2Fcomments&post=176"}],"version-history":[{"count":0,"href":"https:\/\/lsv-velbert.de\/index.php?rest_route=\/wp\/v2\/pages\/176\/revisions"}],"wp:attachment":[{"href":"https:\/\/lsv-velbert.de\/index.php?rest_route=%2Fwp%2Fv2%2Fmedia&parent=176"}],"curies":[{"name":"wp","href":"https:\/\/api.w.org\/{rel}","templated":true}]}}