{"id":146,"date":"2018-06-27T21:57:59","date_gmt":"2018-06-27T19:57:59","guid":{"rendered":"http:\/\/test.lsv-velbert.de\/LSV-Velbert\/?page_id=146"},"modified":"2018-06-27T21:57:59","modified_gmt":"2018-06-27T19:57:59","slug":"ausbildungsablauf-2","status":"publish","type":"page","link":"https:\/\/lsv-velbert.de\/?page_id=146","title":{"rendered":"Ausbildungsablauf"},"content":{"rendered":"\n<h3 class=\"wp-block-heading\"><b>Wie ist die Ausbildung aufgebaut?<\/b><\/h3>\n\n\n\n<h4 class=\"wp-block-heading\">Welche Anforderungen muss ich erf\u00fcllen?<\/h4>\n\n\n\n<ul><li>Mindestalter 16 Jahre zu Beginn der Ausbildung, zum Erlangen der Lizenz 17 Jahre<\/li><li>Flieger\u00e4rztliches Tauglichkeitszeugnis Klasse II (Medical Class II)<\/li><li>Augen\u00e4rztlicher Untersuchungsbericht<\/li><li>F\u00fchrungszeugnis (Belegart-O)<\/li><li>Auszug aus dem Verkehrszentralregister<\/li><li>Erkl\u00e4rung \u00fcber Strafverfahren gem\u00e4\u00df \u00a724 (3) 3 LuftVZO<\/li><li>Teilnahmenachweis \u201eSofortma\u00dfnahmen am Unfallort\u201c<\/li><li>Kopie Reisepass\/Personalausweis<\/li><li>Passfoto<\/li><\/ul>\n\n\n\n<h4 class=\"wp-block-heading\">Theorie in den F\u00e4chern<\/h4>\n\n\n\n<ul><li>Luftrecht<\/li><li>Navigation (Terrestrisch, Funk, Satelit)<\/li><li>Meteorologie<\/li><li>Technik (Aerodynamik, Allgemeine Flugzeugkunde, Triebwerke, Bordinstrumente, Belastung,Schwerpunkt, Leistung)<\/li><li>Allgemeine Flugsicherheit<\/li><li>Menschliches Leistungsverm\u00f6gen (Physiologie)<\/li><li>Flugfunkverkehr<\/li><\/ul>\n\n\n\n<h4 class=\"wp-block-heading\">Praxis 45 Std. Flugzeit, davon mind. 10 Std. Alleinflugzeit<\/h4>\n\n\n\n<ul><li>Starts und Landungen auf verschiedenen Flugpl\u00e4tzen<\/li><li>Au\u00dfenlande\u00fcbung mit Fluglehrer<\/li><li>Einweisung in besondere Flugzust\u00e4nde und Verhalten bei Notf\u00e4llen<\/li><li>Mind. 1 \u00dcberlandflug mit Fluglehrer (&gt;270 km mit 2 Zwischenlandungen)<\/li><li>Mind. 1 \u00dcberlandflug im Alleinflug (&gt;270 km mit 2 Zwischenlandungen)<\/li><\/ul>\n","protected":false},"excerpt":{"rendered":"<p>Wie ist die Ausbildung aufgebaut? Welche Anforderungen muss ich erf\u00fcllen? Mindestalter 16 Jahre zu Beginn der Ausbildung, zum Erlangen der Lizenz 17 Jahre Flieger\u00e4rztliches Tauglichkeitszeugnis Klasse II (Medical Class II) Augen\u00e4rztlicher Untersuchungsbericht F\u00fchrungszeugnis (Belegart-O) Auszug aus dem Verkehrszentralregister Erkl\u00e4rung \u00fcber Strafverfahren gem\u00e4\u00df \u00a724 (3) 3 LuftVZO Teilnahmenachweis \u201eSofortma\u00dfnahmen am Unfallort\u201c Kopie Reisepass\/Personalausweis Passfoto Theorie in&hellip; <br \/> <a class=\"read-more\" href=\"https:\/\/lsv-velbert.de\/?page_id=146\">Weiterlesen<\/a><\/p>\n","protected":false},"author":1,"featured_media":0,"parent":0,"menu_order":0,"comment_status":"closed","ping_status":"closed","template":"","meta":{"footnotes":""},"_links":{"self":[{"href":"https:\/\/lsv-velbert.de\/index.php?rest_route=\/wp\/v2\/pages\/146"}],"collection":[{"href":"https:\/\/lsv-velbert.de\/index.php?rest_route=\/wp\/v2\/pages"}],"about":[{"href":"https:\/\/lsv-velbert.de\/index.php?rest_route=\/wp\/v2\/types\/page"}],"author":[{"embeddable":true,"href":"https:\/\/lsv-velbert.de\/index.php?rest_route=\/wp\/v2\/users\/1"}],"replies":[{"embeddable":true,"href":"https:\/\/lsv-velbert.de\/index.php?rest_route=%2Fwp%2Fv2%2Fcomments&post=146"}],"version-history":[{"count":0,"href":"https:\/\/lsv-velbert.de\/index.php?rest_route=\/wp\/v2\/pages\/146\/revisions"}],"wp:attachment":[{"href":"https:\/\/lsv-velbert.de\/index.php?rest_route=%2Fwp%2Fv2%2Fmedia&parent=146"}],"curies":[{"name":"wp","href":"https:\/\/api.w.org\/{rel}","templated":true}]}}