{"id":143,"date":"2018-06-27T21:57:59","date_gmt":"2018-06-27T19:57:59","guid":{"rendered":"http:\/\/test.lsv-velbert.de\/LSV-Velbert\/?page_id=143"},"modified":"2018-06-27T21:57:59","modified_gmt":"2018-06-27T19:57:59","slug":"voraussetzungen","status":"publish","type":"page","link":"https:\/\/lsv-velbert.de\/?page_id=143","title":{"rendered":"Voraussetzungen"},"content":{"rendered":"\n<p>Einfach mal \u00fcber\u00b4s Wochenende an die Nordsee fliegen&#8230;. oder einen wundersch\u00f6nen Flug das Rheintal runter&#8230;. oder einfach einen spannenden Rundflug \u00fcber das interessante und sehenswerte Ruhrgebiet?<\/p>\n\n\n\n<ul class=\"wp-block-gallery aligncenter columns-2 is-cropped wp-block-gallery-1 is-layout-flex wp-block-gallery-is-layout-flex\"><li class=\"blocks-gallery-item\"><figure><img loading=\"lazy\" decoding=\"async\" width=\"768\" height=\"1024\" src=\"https:\/\/test.lsv-velbert.de\/wp-content\/uploads\/2019\/04\/IMG_3404-2-768x1024.jpg\" alt=\"\" data-id=\"535\" data-link=\"https:\/\/testneu.lsv-velbert.de\/voraussetzungen\/img_3404-3\/\" class=\"wp-image-535\" srcset=\"https:\/\/lsv-velbert.de\/wp-content\/uploads\/2019\/04\/IMG_3404-2-768x1024.jpg 768w, https:\/\/lsv-velbert.de\/wp-content\/uploads\/2019\/04\/IMG_3404-2-225x300.jpg 225w, https:\/\/lsv-velbert.de\/wp-content\/uploads\/2019\/04\/IMG_3404-2.jpg 960w\" sizes=\"(max-width: 768px) 100vw, 768px\" \/><figcaption>Norderney<\/figcaption><\/figure><\/li><li class=\"blocks-gallery-item\"><figure><img loading=\"lazy\" decoding=\"async\" width=\"768\" height=\"1024\" src=\"https:\/\/test.lsv-velbert.de\/wp-content\/uploads\/2019\/04\/PHOTO-2018-07-16-08-28-10-768x1024.jpg\" alt=\"\" data-id=\"533\" data-link=\"https:\/\/testneu.lsv-velbert.de\/voraussetzungen\/photo-2018-07-16-08-28-10\/\" class=\"wp-image-533\" srcset=\"https:\/\/lsv-velbert.de\/wp-content\/uploads\/2019\/04\/PHOTO-2018-07-16-08-28-10-768x1024.jpg 768w, https:\/\/lsv-velbert.de\/wp-content\/uploads\/2019\/04\/PHOTO-2018-07-16-08-28-10-225x300.jpg 225w, https:\/\/lsv-velbert.de\/wp-content\/uploads\/2019\/04\/PHOTO-2018-07-16-08-28-10.jpg 1200w\" sizes=\"(max-width: 768px) 100vw, 768px\" \/><figcaption>Langeoog<\/figcaption><\/figure><\/li><\/ul>\n\n\n\n<p><strong>Mit einer Privatpilotenlizenz ist das alles kein Problem!<\/strong><\/p>\n\n\n\n<p>Denn der Traum vom Fliegen muss kein Traum bleiben. Die Motorfliegerei ist erschwinglicher als viele denken. Die Ausbildung erfolgt durch ehrenamtliche Fluglehrer und daher fliegen die Sch\u00fcler zu <b>Selbstkostenpreisen. <\/b><\/p>\n\n\n\n<p>Und wir beim LSV haben wirklich sehr g\u00fcnstige Tarife.<\/p>\n\n\n\n<p>Bevor es losgeht, nehmen wir Sie als erstes als Mitglied in unseren Verein auf. Dann erfolgt die Untersuchung beim Augen- und Fliegerarzt. Wenn Sie alle Dokumente zusammen haben, melden wir Sie bei Bezirksregierung D\u00fcsseldorf zur Ausbildung an. Auch bei den Formalit\u00e4ten unterst\u00fctzen wir Sie gerne.   Im Rahmen der Ausbildung im Deutschen Aero Club k\u00f6nnen wir folgende Ausbildungsvarianten anbieten:<\/p>\n\n\n\n<ul><li>Komplettausbildung Motorflug PPL(A) oder LAPL(A).<\/li><li>Klassenberechtigung TMG<\/li><li>Klassenberechtigung SEP<\/li><\/ul>\n\n\n\n<p>Wenn Sie mehr \u00fcber die Ausbildung wissen m\u00f6chten, <b>kommen Sie einfach mal vorbei<\/b> oder melden sich bei uns unter <b>Mail info(at)lsv-velbert.de. <\/b>Auch ein Schnupperflug gegen geringe Geb\u00fchr ist jederzeit m\u00f6glich.<\/p>\n\n\n\n<p><b>Haben wir Ihr Interesse geweckt? <\/b><span>Dann melden Sie sich doch einfach bei uns<\/span><\/p>\n\n\n\n<div class=\"wp-block-image\"><figure class=\"aligncenter is-resized\"><img loading=\"lazy\" decoding=\"async\" src=\"https:\/\/test.lsv-velbert.de\/wp-content\/uploads\/2019\/04\/IMG_0772.jpg\" alt=\"\" class=\"wp-image-506\" width=\"86\" height=\"84\"\/><figcaption>Stefan Vogt<br>Motorflug<\/figcaption><\/figure><\/div>\n","protected":false},"excerpt":{"rendered":"<p>Einfach mal \u00fcber\u00b4s Wochenende an die Nordsee fliegen&#8230;. oder einen wundersch\u00f6nen Flug das Rheintal runter&#8230;. oder einfach einen spannenden Rundflug \u00fcber das interessante und sehenswerte Ruhrgebiet? Mit einer Privatpilotenlizenz ist das alles kein Problem! Denn der Traum vom Fliegen muss kein Traum bleiben. Die Motorfliegerei ist erschwinglicher als viele denken. Die Ausbildung erfolgt durch ehrenamtliche&hellip; <br \/> <a class=\"read-more\" href=\"https:\/\/lsv-velbert.de\/?page_id=143\">Weiterlesen<\/a><\/p>\n","protected":false},"author":1,"featured_media":0,"parent":0,"menu_order":0,"comment_status":"closed","ping_status":"closed","template":"","meta":{"footnotes":""},"_links":{"self":[{"href":"https:\/\/lsv-velbert.de\/index.php?rest_route=\/wp\/v2\/pages\/143"}],"collection":[{"href":"https:\/\/lsv-velbert.de\/index.php?rest_route=\/wp\/v2\/pages"}],"about":[{"href":"https:\/\/lsv-velbert.de\/index.php?rest_route=\/wp\/v2\/types\/page"}],"author":[{"embeddable":true,"href":"https:\/\/lsv-velbert.de\/index.php?rest_route=\/wp\/v2\/users\/1"}],"replies":[{"embeddable":true,"href":"https:\/\/lsv-velbert.de\/index.php?rest_route=%2Fwp%2Fv2%2Fcomments&post=143"}],"version-history":[{"count":0,"href":"https:\/\/lsv-velbert.de\/index.php?rest_route=\/wp\/v2\/pages\/143\/revisions"}],"wp:attachment":[{"href":"https:\/\/lsv-velbert.de\/index.php?rest_route=%2Fwp%2Fv2%2Fmedia&parent=143"}],"curies":[{"name":"wp","href":"https:\/\/api.w.org\/{rel}","templated":true}]}}