{"id":141,"date":"2018-06-27T21:57:59","date_gmt":"2018-06-27T19:57:59","guid":{"rendered":"http:\/\/test.lsv-velbert.de\/LSV-Velbert\/?page_id=141"},"modified":"2018-06-27T21:57:59","modified_gmt":"2018-06-27T19:57:59","slug":"modellflugplatz","status":"publish","type":"page","link":"https:\/\/lsv-velbert.de\/?page_id=141","title":{"rendered":"Modellflugplatz Frauenhof"},"content":{"rendered":"\n<p>Hallo Liebe G\u00e4ste,<\/p>\n\n\n\n<p>wir m\u00f6chten hier unser Modellfluggel\u00e4nde vorstellen. Eine Anfahrtsbeschreibung gibt es&nbsp;hier.<br><\/p>\n\n\n\n<p>Am Wochenende und sporadisch unter der Woche gehen wir hier bei sch\u00f6nem Wetter unserem Hobby nach und lassen unsere selbst gebauten Modellflugzeuge hier fliegen. F\u00fcr dieses Modellfluggel\u00e4nde hat die Bezirksregierung D\u00fcsseldorf nach Luftverkehrs-Ordnung (LuftVO) eine Zulassung und Betriebserlaubnis erteilt. G\u00e4ste zum Fliegen sind willkommen, jedoch geht dies nur in Anwesenheit von Vereinsmitgliedern. Voraussetzung ist auch die gesetzlich geforderte Versicherung.<\/p>\n\n\n\n<p>F\u00fcr dieses Gel\u00e4nde haben wir seit dem&nbsp;07.Mai 2019&nbsp;eine Erlaubnis zum Betrieb von Modellflugzeugen bis zu einem maximalen Startgewicht von 25kg und Modelle mit Kolbenmotor(en) d\u00fcrfen maximal einen Emissionspegel von 79dB(A) haben.<\/p>\n\n\n\n<figure class=\"wp-block-image is-resized\"><img loading=\"lazy\" decoding=\"async\" src=\"https:\/\/test.lsv-velbert.de\/wp-content\/uploads\/2019\/04\/L6-1024x682.jpg\" alt=\"\" class=\"wp-image-577\" width=\"816\" height=\"544\" srcset=\"https:\/\/lsv-velbert.de\/wp-content\/uploads\/2019\/04\/L6-1024x682.jpg 1024w, https:\/\/lsv-velbert.de\/wp-content\/uploads\/2019\/04\/L6-300x200.jpg 300w, https:\/\/lsv-velbert.de\/wp-content\/uploads\/2019\/04\/L6-768x512.jpg 768w, https:\/\/lsv-velbert.de\/wp-content\/uploads\/2019\/04\/L6.jpg 1280w\" sizes=\"(max-width: 816px) 100vw, 816px\" \/><\/figure>\n\n\n\n<p>Wir sind offen f\u00fcr neue Mitglieder egal ob \u201eSchaumwaffel\u201c, original getreue Scale-Modelle, agile Kunstflugmodelle, Segelflugzeug, Motormodell oder was sich sonst so durch die Luft bewegt, wenn Du Lust am Bauen und Fliegen von Flugmodellen hast, freuen wir uns auf einen Besuch.<\/p>\n\n\n\n<p>Mit Flieger Gru\u00df<\/p>\n\n\n\n<p>Luftsportverein Velbert<br><\/p>\n\n\n\n<figure class=\"wp-block-image\"><img loading=\"lazy\" decoding=\"async\" width=\"1024\" height=\"591\" src=\"https:\/\/test.lsv-velbert.de\/wp-content\/uploads\/2019\/04\/L1-1024x591.jpg\" alt=\"\" class=\"wp-image-572\" srcset=\"https:\/\/lsv-velbert.de\/wp-content\/uploads\/2019\/04\/L1-1024x591.jpg 1024w, https:\/\/lsv-velbert.de\/wp-content\/uploads\/2019\/04\/L1-300x173.jpg 300w, https:\/\/lsv-velbert.de\/wp-content\/uploads\/2019\/04\/L1-768x443.jpg 768w, https:\/\/lsv-velbert.de\/wp-content\/uploads\/2019\/04\/L1.jpg 1280w\" sizes=\"(max-width: 1024px) 100vw, 1024px\" \/><\/figure>\n\n\n\n<ul class=\"wp-block-gallery columns-3 is-cropped wp-block-gallery-1 is-layout-flex wp-block-gallery-is-layout-flex\"><li class=\"blocks-gallery-item\"><figure><img loading=\"lazy\" decoding=\"async\" width=\"1024\" height=\"747\" src=\"https:\/\/test.lsv-velbert.de\/wp-content\/uploads\/2019\/04\/20190413_123000_resized-1024x747.jpg\" alt=\"\" data-id=\"557\" data-link=\"https:\/\/testneu.lsv-velbert.de\/20190413_123000_resized\/\" class=\"wp-image-557\" srcset=\"https:\/\/lsv-velbert.de\/wp-content\/uploads\/2019\/04\/20190413_123000_resized-1024x747.jpg 1024w, https:\/\/lsv-velbert.de\/wp-content\/uploads\/2019\/04\/20190413_123000_resized-300x219.jpg 300w, https:\/\/lsv-velbert.de\/wp-content\/uploads\/2019\/04\/20190413_123000_resized-768x560.jpg 768w, https:\/\/lsv-velbert.de\/wp-content\/uploads\/2019\/04\/20190413_123000_resized-1568x1144.jpg 1568w\" sizes=\"(max-width: 1024px) 100vw, 1024px\" \/><\/figure><\/li><li class=\"blocks-gallery-item\"><figure><img loading=\"lazy\" decoding=\"async\" width=\"1024\" height=\"637\" src=\"https:\/\/test.lsv-velbert.de\/wp-content\/uploads\/2019\/04\/20190413_151110_resized-e1555269727570-1024x637.jpg\" alt=\"\" data-id=\"559\" data-link=\"https:\/\/testneu.lsv-velbert.de\/20190413_151110_resized\/\" class=\"wp-image-559\" srcset=\"https:\/\/lsv-velbert.de\/wp-content\/uploads\/2019\/04\/20190413_151110_resized-e1555269727570-1024x637.jpg 1024w, https:\/\/lsv-velbert.de\/wp-content\/uploads\/2019\/04\/20190413_151110_resized-e1555269727570-300x187.jpg 300w, https:\/\/lsv-velbert.de\/wp-content\/uploads\/2019\/04\/20190413_151110_resized-e1555269727570-768x477.jpg 768w, https:\/\/lsv-velbert.de\/wp-content\/uploads\/2019\/04\/20190413_151110_resized-e1555269727570-1568x975.jpg 1568w\" sizes=\"(max-width: 1024px) 100vw, 1024px\" \/><\/figure><\/li><li class=\"blocks-gallery-item\"><figure><img loading=\"lazy\" decoding=\"async\" width=\"1024\" height=\"576\" src=\"https:\/\/test.lsv-velbert.de\/wp-content\/uploads\/2019\/04\/20190413_113750_resized-1024x576.jpg\" alt=\"\" data-id=\"556\" data-link=\"https:\/\/testneu.lsv-velbert.de\/20190413_113750_resized\/\" class=\"wp-image-556\" srcset=\"https:\/\/lsv-velbert.de\/wp-content\/uploads\/2019\/04\/20190413_113750_resized-1024x576.jpg 1024w, https:\/\/lsv-velbert.de\/wp-content\/uploads\/2019\/04\/20190413_113750_resized-300x169.jpg 300w, https:\/\/lsv-velbert.de\/wp-content\/uploads\/2019\/04\/20190413_113750_resized-768x432.jpg 768w, https:\/\/lsv-velbert.de\/wp-content\/uploads\/2019\/04\/20190413_113750_resized-1568x882.jpg 1568w\" sizes=\"(max-width: 1024px) 100vw, 1024px\" \/><\/figure><\/li><\/ul>\n\n\n\n<p>In einer Tagesaktion entstand in geselliger Runde unsere Schutzeinrichtung.<\/p>\n\n\n\n<figure class=\"wp-block-image\"><img loading=\"lazy\" decoding=\"async\" width=\"1024\" height=\"576\" src=\"https:\/\/test.lsv-velbert.de\/wp-content\/uploads\/2019\/04\/20190414_163605_resized-1024x576.jpg\" alt=\"\" class=\"wp-image-558\" srcset=\"https:\/\/lsv-velbert.de\/wp-content\/uploads\/2019\/04\/20190414_163605_resized-1024x576.jpg 1024w, https:\/\/lsv-velbert.de\/wp-content\/uploads\/2019\/04\/20190414_163605_resized-300x169.jpg 300w, https:\/\/lsv-velbert.de\/wp-content\/uploads\/2019\/04\/20190414_163605_resized-768x432.jpg 768w, https:\/\/lsv-velbert.de\/wp-content\/uploads\/2019\/04\/20190414_163605_resized-1568x882.jpg 1568w\" sizes=\"(max-width: 1024px) 100vw, 1024px\" \/><\/figure>\n\n\n\n<figure class=\"wp-block-image\"><img loading=\"lazy\" decoding=\"async\" width=\"1024\" height=\"916\" src=\"https:\/\/test.lsv-velbert.de\/wp-content\/uploads\/2019\/05\/2019-05-05-Box-8-1024x916.jpg\" alt=\"\" class=\"wp-image-595\" srcset=\"https:\/\/lsv-velbert.de\/wp-content\/uploads\/2019\/05\/2019-05-05-Box-8-1024x916.jpg 1024w, https:\/\/lsv-velbert.de\/wp-content\/uploads\/2019\/05\/2019-05-05-Box-8-300x268.jpg 300w, https:\/\/lsv-velbert.de\/wp-content\/uploads\/2019\/05\/2019-05-05-Box-8-768x687.jpg 768w, https:\/\/lsv-velbert.de\/wp-content\/uploads\/2019\/05\/2019-05-05-Box-8.jpg 1500w\" sizes=\"(max-width: 1024px) 100vw, 1024px\" \/><\/figure>\n\n\n\n<p>Hier seht ihr unser &#8222;B\u00fcro&#8220; mit integrierter Stromversorgung. Das erm\u00f6glicht unseren Mitgliedern Ladet\u00e4tigkeiten auch am Flugplatz durchzuf\u00fchren. <\/p>\n","protected":false},"excerpt":{"rendered":"<p>Hallo Liebe G\u00e4ste, wir m\u00f6chten hier unser Modellfluggel\u00e4nde vorstellen. Eine Anfahrtsbeschreibung gibt es&nbsp;hier. Am Wochenende und sporadisch unter der Woche gehen wir hier bei sch\u00f6nem Wetter unserem Hobby nach und lassen unsere selbst gebauten Modellflugzeuge hier fliegen. F\u00fcr dieses Modellfluggel\u00e4nde hat die Bezirksregierung D\u00fcsseldorf nach Luftverkehrs-Ordnung (LuftVO) eine Zulassung und Betriebserlaubnis erteilt. G\u00e4ste zum Fliegen&hellip; <br \/> <a class=\"read-more\" href=\"https:\/\/lsv-velbert.de\/?page_id=141\">Weiterlesen<\/a><\/p>\n","protected":false},"author":4,"featured_media":0,"parent":58,"menu_order":1,"comment_status":"closed","ping_status":"closed","template":"","meta":{"footnotes":""},"_links":{"self":[{"href":"https:\/\/lsv-velbert.de\/index.php?rest_route=\/wp\/v2\/pages\/141"}],"collection":[{"href":"https:\/\/lsv-velbert.de\/index.php?rest_route=\/wp\/v2\/pages"}],"about":[{"href":"https:\/\/lsv-velbert.de\/index.php?rest_route=\/wp\/v2\/types\/page"}],"author":[{"embeddable":true,"href":"https:\/\/lsv-velbert.de\/index.php?rest_route=\/wp\/v2\/users\/4"}],"replies":[{"embeddable":true,"href":"https:\/\/lsv-velbert.de\/index.php?rest_route=%2Fwp%2Fv2%2Fcomments&post=141"}],"version-history":[{"count":0,"href":"https:\/\/lsv-velbert.de\/index.php?rest_route=\/wp\/v2\/pages\/141\/revisions"}],"up":[{"embeddable":true,"href":"https:\/\/lsv-velbert.de\/index.php?rest_route=\/wp\/v2\/pages\/58"}],"wp:attachment":[{"href":"https:\/\/lsv-velbert.de\/index.php?rest_route=%2Fwp%2Fv2%2Fmedia&parent=141"}],"curies":[{"name":"wp","href":"https:\/\/api.w.org\/{rel}","templated":true}]}}